{"id":7493,"date":"2022-07-25T17:31:58","date_gmt":"2022-07-25T15:31:58","guid":{"rendered":"https:\/\/www.eventizmediagroup.com\/?page_id=7493"},"modified":"2024-10-31T16:27:41","modified_gmt":"2024-10-31T15:27:41","slug":"diner-vip-2","status":"publish","type":"page","link":"https:\/\/www.eventiz.biz\/en\/evenements\/diner-vip-2","title":{"rendered":"D\u00eener VIP"},"content":{"rendered":"<div data-elementor-type=\"wp-page\" data-elementor-id=\"7493\" class=\"elementor elementor-7493\">\n\t\t\t\t\t\t<section class=\"elementor-section elementor-top-section elementor-element elementor-element-c047a7f elementor-section-boxed elementor-section-height-default elementor-section-height-default qodef-elementor-content-no\" data-id=\"c047a7f\" data-element_type=\"section\">\n\t\t\t\t\t\t<div class=\"elementor-container elementor-column-gap-default\">\n\t\t\t\t\t<div class=\"elementor-column elementor-col-100 elementor-top-column elementor-element elementor-element-8e41c63\" data-id=\"8e41c63\" data-element_type=\"column\">\n\t\t\t<div class=\"elementor-widget-wrap elementor-element-populated\">\n\t\t\t\t\t\t<div class=\"elementor-element elementor-element-6388949 elementor-widget elementor-widget-heading\" data-id=\"6388949\" data-element_type=\"widget\" data-widget_type=\"heading.default\">\n\t\t\t\t<div class=\"elementor-widget-container\">\n\t\t\t\t\t<h2 class=\"elementor-heading-title elementor-size-large\">Targeted and high-quality networking<\/h2>\t\t\t\t<\/div>\n\t\t\t\t<\/div>\n\t\t\t\t<div class=\"elementor-element elementor-element-9ba485b elementor-widget elementor-widget-text-editor\" data-id=\"9ba485b\" data-element_type=\"widget\" data-widget_type=\"text-editor.default\">\n\t\t\t\t<div class=\"elementor-widget-container\">\n\t\t\t\t\t\t\t\t\t<p>Leveraging its network and market expertise, Eventiz organizes \u2018exclusive\u2019 dinners.<br>These dinners bring together a carefully selected group of 10 key personalities, tailored to the inviting partner\u2019s objectives. Ensuring the presence of targeted decision-makers, expanding your network, speaking in front of the desired audience, and saving time on selection, invitations, and acquiring new clients that\u2019s the mission of VIP dinners.<br>These events are private and not publicized.<br>They are discreet, featuring fine cuisine, subtle wines, in venues carefully selected by Eventiz.<\/p>\n<p>\u201cIn truth, we have a \u2018LinkedIn\u2019 that is lively, indulgent, welcoming, and ROI-focused\u2026<\/p>\t\t\t\t\t\t\t\t<\/div>\n\t\t\t\t<\/div>\n\t\t\t\t\t<\/div>\n\t\t<\/div>\n\t\t\t\t\t<\/div>\n\t\t<\/section>\n\t\t\t\t<section class=\"elementor-section elementor-top-section elementor-element elementor-element-664f863 elementor-section-full_width elementor-section-stretched elementor-section-height-default elementor-section-height-default qodef-elementor-content-no\" data-id=\"664f863\" data-element_type=\"section\" data-settings=\"{&quot;stretch_section&quot;:&quot;section-stretched&quot;}\">\n\t\t\t\t\t\t<div class=\"elementor-container elementor-column-gap-default\">\n\t\t\t\t\t<div class=\"elementor-column elementor-col-100 elementor-top-column elementor-element elementor-element-cc01267\" data-id=\"cc01267\" data-element_type=\"column\">\n\t\t\t<div class=\"elementor-widget-wrap elementor-element-populated\">\n\t\t\t\t\t\t<div class=\"elementor-element elementor-element-631317c elementor-widget elementor-widget-qi_addons_for_elementor_dual_image_with_content\" data-id=\"631317c\" data-element_type=\"widget\" data-widget_type=\"qi_addons_for_elementor_dual_image_with_content.default\">\n\t\t\t\t<div class=\"elementor-widget-container\">\n\t\t\t\t\t<div class=\"qodef-shortcode qodef-m qodef-qi-dual-image-with-content qodef--content-left qodef-decoration--italic qodef-link--underline-draw qodef-qi--has-appear\">\n\t<div class=\"qodef-dual-content\">\n\t\t<div class=\"qodef-m-inner-content\">\n\t\t\t\t<h2 class=\"qodef-m-title\">\n\t\t<span class=\"qodef-e-colored\"><span class=\"qodef-e-decorated\">In<\/span><\/span> <span class=\"qodef-e-colored\"><span class=\"qodef-e-decorated\">details<\/span><\/span>\t<\/h2>\n\t\t\t\t<p class=\"qodef-m-text\"><ul>\n \t<li>We provide a list of potential guests or can validate your own.<\/li>\n \t<li>We send out invitations on your behalf<\/li>\n \t<li>We welcome the guests with you to facilitate connections during the evening.<\/li>\n \t<li>We introduce your company before giving you the floor.<\/li>\n \t<li>We then provide you with the contact details of your guests, whom we will have personally thanked for their participation via a customized email.<\/li>\n<\/ul><\/p>\n\t\t<\/div>\n\t\t<div class=\"qodef-m-inner-bottom\">\n\t\t\t\t\t<\/div>\n\t<\/div>\n\t<div class=\"qodef-image-holder\">\n\t\t<div class=\"qodef-m-main-image\">\n\t<img fetchpriority=\"high\" decoding=\"async\" width=\"1024\" height=\"683\" src=\"https:\/\/www.eventiz.biz\/wp-content\/uploads\/2022\/08\/jordan-arnold-Ul07QK2AR-0-unsplash-1024x683.jpg\" class=\"attachment-large size-large\" alt=\"d\u00eener VIP\" srcset=\"https:\/\/www.eventiz.biz\/wp-content\/uploads\/2022\/08\/jordan-arnold-Ul07QK2AR-0-unsplash-1024x683.jpg 1024w, https:\/\/www.eventiz.biz\/wp-content\/uploads\/2022\/08\/jordan-arnold-Ul07QK2AR-0-unsplash-300x200.jpg 300w, https:\/\/www.eventiz.biz\/wp-content\/uploads\/2022\/08\/jordan-arnold-Ul07QK2AR-0-unsplash-768x512.jpg 768w, https:\/\/www.eventiz.biz\/wp-content\/uploads\/2022\/08\/jordan-arnold-Ul07QK2AR-0-unsplash.jpg 1500w\" sizes=\"(max-width: 1024px) 100vw, 1024px\" \/><\/div>\n\t\t<div class=\"qodef-m-second-image\">\n\t<\/div>\n\t<\/div>\n<\/div>\n\t\t\t\t<\/div>\n\t\t\t\t<\/div>\n\t\t\t\t\t<\/div>\n\t\t<\/div>\n\t\t\t\t\t<\/div>\n\t\t<\/section>\n\t\t\t\t<section class=\"elementor-section elementor-top-section elementor-element elementor-element-1df6f50 elementor-section-boxed elementor-section-height-default elementor-section-height-default qodef-elementor-content-no\" data-id=\"1df6f50\" data-element_type=\"section\">\n\t\t\t\t\t\t<div class=\"elementor-container elementor-column-gap-default\">\n\t\t\t\t\t<div class=\"elementor-column elementor-col-100 elementor-top-column elementor-element elementor-element-6d1a376\" data-id=\"6d1a376\" data-element_type=\"column\">\n\t\t\t<div class=\"elementor-widget-wrap elementor-element-populated\">\n\t\t\t\t\t\t<div class=\"elementor-element elementor-element-74e9ef1 elementor-widget elementor-widget-heading\" data-id=\"74e9ef1\" data-element_type=\"widget\" data-widget_type=\"heading.default\">\n\t\t\t\t<div class=\"elementor-widget-container\">\n\t\t\t\t\t<p class=\"elementor-heading-title elementor-size-large\">It\u2019s good to combine business with pleasure\u2026<\/p>\t\t\t\t<\/div>\n\t\t\t\t<\/div>\n\t\t\t\t\t<\/div>\n\t\t<\/div>\n\t\t\t\t\t<\/div>\n\t\t<\/section>\n\t\t\t\t<section class=\"elementor-section elementor-top-section elementor-element elementor-element-19e1dda elementor-section-boxed elementor-section-height-default elementor-section-height-default qodef-elementor-content-no\" data-id=\"19e1dda\" data-element_type=\"section\">\n\t\t\t\t\t\t<div class=\"elementor-container elementor-column-gap-default\">\n\t\t\t\t\t<div class=\"elementor-column elementor-col-20 elementor-top-column elementor-element elementor-element-3a5b0af\" data-id=\"3a5b0af\" data-element_type=\"column\">\n\t\t\t<div class=\"elementor-widget-wrap\">\n\t\t\t\t\t\t\t<\/div>\n\t\t<\/div>\n\t\t\t\t<div class=\"elementor-column elementor-col-20 elementor-top-column elementor-element elementor-element-659bee8\" data-id=\"659bee8\" data-element_type=\"column\">\n\t\t\t<div class=\"elementor-widget-wrap\">\n\t\t\t\t\t\t\t<\/div>\n\t\t<\/div>\n\t\t\t\t<div class=\"elementor-column elementor-col-20 elementor-top-column elementor-element elementor-element-e0b7817\" data-id=\"e0b7817\" data-element_type=\"column\">\n\t\t\t<div class=\"elementor-widget-wrap elementor-element-populated\">\n\t\t\t\t\t\t<div class=\"elementor-element elementor-element-fdde6e2 elementor-widget elementor-widget-lekker_core_button\" data-id=\"fdde6e2\" data-element_type=\"widget\" data-widget_type=\"lekker_core_button.default\">\n\t\t\t\t<div class=\"elementor-widget-container\">\n\t\t\t\t\t<a class=\"qodef-shortcode qodef-m  qodef-button qodef-layout--filled  qodef-html--link\" href=\"https:\/\/www.eventizmediagroup.com\/nous-contacter\" target=\"_self\"  >\n\t<span class=\"qodef-m-text\">I'm interested !<\/span>\n<\/a>\t\t\t\t<\/div>\n\t\t\t\t<\/div>\n\t\t\t\t\t<\/div>\n\t\t<\/div>\n\t\t\t\t<div class=\"elementor-column elementor-col-20 elementor-top-column elementor-element elementor-element-d05828a\" data-id=\"d05828a\" data-element_type=\"column\">\n\t\t\t<div class=\"elementor-widget-wrap\">\n\t\t\t\t\t\t\t<\/div>\n\t\t<\/div>\n\t\t\t\t<div class=\"elementor-column elementor-col-20 elementor-top-column elementor-element elementor-element-0ca75e7\" data-id=\"0ca75e7\" data-element_type=\"column\">\n\t\t\t<div class=\"elementor-widget-wrap\">\n\t\t\t\t\t\t\t<\/div>\n\t\t<\/div>\n\t\t\t\t\t<\/div>\n\t\t<\/section>\n\t\t\t\t<\/div>","protected":false},"excerpt":{"rendered":"<p>Un networking cibl\u00e9 et qualifi\u00e9 Capitalisant sur son r\u00e9seau et sur sa connaissance du march\u00e9, Eventiz organise des diners \u00ab confidentiels \u00bb.Ces diners rassemblent un casting de 10 personnalit\u00e9s tri\u00e9es sur le volet, en ad\u00e9quation avec les attentes du partenaire invitant. S\u2019assurer la pr\u00e9sence de d\u00e9cideurs cibl\u00e9s, \u00e9largir son r\u00e9seau, prendre la parole devant un [&hellip;]<\/p>","protected":false},"author":2,"featured_media":0,"parent":6326,"menu_order":0,"comment_status":"closed","ping_status":"closed","template":"","meta":{"footnotes":""},"class_list":["post-7493","page","type-page","status-publish","hentry"],"yoast_head":"<!-- This site is optimized with the Yoast SEO plugin v26.7 - https:\/\/yoast.com\/wordpress\/plugins\/seo\/ -->\n<title>D\u00eener VIP | Eventiz<\/title>\n<meta name=\"robots\" content=\"index, follow, max-snippet:-1, max-image-preview:large, max-video-preview:-1\" \/>\n<link rel=\"canonical\" href=\"https:\/\/www.eventiz.biz\/en\/evenements\/diner-vip-2\/\" \/>\n<meta property=\"og:locale\" content=\"en_GB\" \/>\n<meta property=\"og:type\" content=\"article\" \/>\n<meta property=\"og:title\" content=\"D\u00eener VIP | Eventiz\" \/>\n<meta property=\"og:description\" content=\"Un networking cibl\u00e9 et qualifi\u00e9 Capitalisant sur son r\u00e9seau et sur sa connaissance du march\u00e9, Eventiz organise des diners \u00ab confidentiels \u00bb.Ces diners rassemblent un casting de 10 personnalit\u00e9s tri\u00e9es sur le volet, en ad\u00e9quation avec les attentes du partenaire invitant. S\u2019assurer la pr\u00e9sence de d\u00e9cideurs cibl\u00e9s, \u00e9largir son r\u00e9seau, prendre la parole devant un [&hellip;]\" \/>\n<meta property=\"og:url\" content=\"https:\/\/www.eventiz.biz\/en\/evenements\/diner-vip-2\/\" \/>\n<meta property=\"og:site_name\" content=\"Eventiz\" \/>\n<meta property=\"article:publisher\" content=\"https:\/\/www.facebook.com\/Eventizmediagroup\/\" \/>\n<meta property=\"article:modified_time\" content=\"2024-10-31T15:27:41+00:00\" \/>\n<meta property=\"og:image\" content=\"https:\/\/www.eventiz.biz\/wp-content\/uploads\/2022\/08\/jordan-arnold-Ul07QK2AR-0-unsplash-1024x683.jpg\" \/>\n<meta name=\"twitter:card\" content=\"summary_large_image\" \/>\n<meta name=\"twitter:site\" content=\"@Eventiz_travel\" \/>\n<meta name=\"twitter:label1\" content=\"Estimated reading time\" \/>\n\t<meta name=\"twitter:data1\" content=\"2 minutes\" \/>\n<script type=\"application\/ld+json\" class=\"yoast-schema-graph\">{\"@context\":\"https:\/\/schema.org\",\"@graph\":[{\"@type\":\"WebPage\",\"@id\":\"https:\/\/www.eventiz.biz\/evenements\/diner-vip-2\",\"url\":\"https:\/\/www.eventiz.biz\/evenements\/diner-vip-2\",\"name\":\"D\u00eener VIP | Eventiz\",\"isPartOf\":{\"@id\":\"https:\/\/www.eventiz.biz\/#website\"},\"primaryImageOfPage\":{\"@id\":\"https:\/\/www.eventiz.biz\/evenements\/diner-vip-2#primaryimage\"},\"image\":{\"@id\":\"https:\/\/www.eventiz.biz\/evenements\/diner-vip-2#primaryimage\"},\"thumbnailUrl\":\"https:\/\/www.eventiz.biz\/wp-content\/uploads\/2022\/08\/jordan-arnold-Ul07QK2AR-0-unsplash-1024x683.jpg\",\"datePublished\":\"2022-07-25T15:31:58+00:00\",\"dateModified\":\"2024-10-31T15:27:41+00:00\",\"breadcrumb\":{\"@id\":\"https:\/\/www.eventiz.biz\/evenements\/diner-vip-2#breadcrumb\"},\"inLanguage\":\"en-GB\",\"potentialAction\":[{\"@type\":\"ReadAction\",\"target\":[\"https:\/\/www.eventiz.biz\/evenements\/diner-vip-2\"]}]},{\"@type\":\"ImageObject\",\"inLanguage\":\"en-GB\",\"@id\":\"https:\/\/www.eventiz.biz\/evenements\/diner-vip-2#primaryimage\",\"url\":\"https:\/\/www.eventiz.biz\/wp-content\/uploads\/2022\/08\/jordan-arnold-Ul07QK2AR-0-unsplash-1024x683.jpg\",\"contentUrl\":\"https:\/\/www.eventiz.biz\/wp-content\/uploads\/2022\/08\/jordan-arnold-Ul07QK2AR-0-unsplash-1024x683.jpg\"},{\"@type\":\"BreadcrumbList\",\"@id\":\"https:\/\/www.eventiz.biz\/evenements\/diner-vip-2#breadcrumb\",\"itemListElement\":[{\"@type\":\"ListItem\",\"position\":1,\"name\":\"Accueil\",\"item\":\"https:\/\/www.eventiz.biz\/\"},{\"@type\":\"ListItem\",\"position\":2,\"name\":\"\u00c9v\u00e8nements\",\"item\":\"https:\/\/www.eventiz.biz\/evenements\"},{\"@type\":\"ListItem\",\"position\":3,\"name\":\"D\u00eener VIP\"}]},{\"@type\":\"WebSite\",\"@id\":\"https:\/\/www.eventiz.biz\/#website\",\"url\":\"https:\/\/www.eventiz.biz\/\",\"name\":\"Eventiz\",\"description\":\"Groupe m\u00e9dia sp\u00e9cialis\u00e9 dans l&#039;industrie du Tourisme\",\"publisher\":{\"@id\":\"https:\/\/www.eventiz.biz\/#organization\"},\"potentialAction\":[{\"@type\":\"SearchAction\",\"target\":{\"@type\":\"EntryPoint\",\"urlTemplate\":\"https:\/\/www.eventiz.biz\/?s={search_term_string}\"},\"query-input\":{\"@type\":\"PropertyValueSpecification\",\"valueRequired\":true,\"valueName\":\"search_term_string\"}}],\"inLanguage\":\"en-GB\"},{\"@type\":\"Organization\",\"@id\":\"https:\/\/www.eventiz.biz\/#organization\",\"name\":\"Eventiz\",\"url\":\"https:\/\/www.eventiz.biz\/\",\"logo\":{\"@type\":\"ImageObject\",\"inLanguage\":\"en-GB\",\"@id\":\"https:\/\/www.eventiz.biz\/#\/schema\/logo\/image\/\",\"url\":\"https:\/\/i0.wp.com\/www.eventiz.biz\/wp-content\/uploads\/2024\/05\/emg-black.png?fit=818%2C379&ssl=1\",\"contentUrl\":\"https:\/\/i0.wp.com\/www.eventiz.biz\/wp-content\/uploads\/2024\/05\/emg-black.png?fit=818%2C379&ssl=1\",\"width\":818,\"height\":379,\"caption\":\"Eventiz\"},\"image\":{\"@id\":\"https:\/\/www.eventiz.biz\/#\/schema\/logo\/image\/\"},\"sameAs\":[\"https:\/\/www.facebook.com\/Eventizmediagroup\/\",\"https:\/\/x.com\/Eventiz_travel\",\"https:\/\/www.linkedin.com\/company\/eventiz\/\"]}]}<\/script>\n<!-- \/ Yoast SEO plugin. -->","yoast_head_json":{"title":"D\u00eener VIP | Eventiz","robots":{"index":"index","follow":"follow","max-snippet":"max-snippet:-1","max-image-preview":"max-image-preview:large","max-video-preview":"max-video-preview:-1"},"canonical":"https:\/\/www.eventiz.biz\/en\/evenements\/diner-vip-2\/","og_locale":"en_GB","og_type":"article","og_title":"D\u00eener VIP | Eventiz","og_description":"Un networking cibl\u00e9 et qualifi\u00e9 Capitalisant sur son r\u00e9seau et sur sa connaissance du march\u00e9, Eventiz organise des diners \u00ab confidentiels \u00bb.Ces diners rassemblent un casting de 10 personnalit\u00e9s tri\u00e9es sur le volet, en ad\u00e9quation avec les attentes du partenaire invitant. S\u2019assurer la pr\u00e9sence de d\u00e9cideurs cibl\u00e9s, \u00e9largir son r\u00e9seau, prendre la parole devant un [&hellip;]","og_url":"https:\/\/www.eventiz.biz\/en\/evenements\/diner-vip-2\/","og_site_name":"Eventiz","article_publisher":"https:\/\/www.facebook.com\/Eventizmediagroup\/","article_modified_time":"2024-10-31T15:27:41+00:00","og_image":[{"url":"https:\/\/www.eventiz.biz\/wp-content\/uploads\/2022\/08\/jordan-arnold-Ul07QK2AR-0-unsplash-1024x683.jpg","type":"","width":"","height":""}],"twitter_card":"summary_large_image","twitter_site":"@Eventiz_travel","twitter_misc":{"Estimated reading time":"2 minutes"},"schema":{"@context":"https:\/\/schema.org","@graph":[{"@type":"WebPage","@id":"https:\/\/www.eventiz.biz\/evenements\/diner-vip-2","url":"https:\/\/www.eventiz.biz\/evenements\/diner-vip-2","name":"D\u00eener VIP | Eventiz","isPartOf":{"@id":"https:\/\/www.eventiz.biz\/#website"},"primaryImageOfPage":{"@id":"https:\/\/www.eventiz.biz\/evenements\/diner-vip-2#primaryimage"},"image":{"@id":"https:\/\/www.eventiz.biz\/evenements\/diner-vip-2#primaryimage"},"thumbnailUrl":"https:\/\/www.eventiz.biz\/wp-content\/uploads\/2022\/08\/jordan-arnold-Ul07QK2AR-0-unsplash-1024x683.jpg","datePublished":"2022-07-25T15:31:58+00:00","dateModified":"2024-10-31T15:27:41+00:00","breadcrumb":{"@id":"https:\/\/www.eventiz.biz\/evenements\/diner-vip-2#breadcrumb"},"inLanguage":"en-GB","potentialAction":[{"@type":"ReadAction","target":["https:\/\/www.eventiz.biz\/evenements\/diner-vip-2"]}]},{"@type":"ImageObject","inLanguage":"en-GB","@id":"https:\/\/www.eventiz.biz\/evenements\/diner-vip-2#primaryimage","url":"https:\/\/www.eventiz.biz\/wp-content\/uploads\/2022\/08\/jordan-arnold-Ul07QK2AR-0-unsplash-1024x683.jpg","contentUrl":"https:\/\/www.eventiz.biz\/wp-content\/uploads\/2022\/08\/jordan-arnold-Ul07QK2AR-0-unsplash-1024x683.jpg"},{"@type":"BreadcrumbList","@id":"https:\/\/www.eventiz.biz\/evenements\/diner-vip-2#breadcrumb","itemListElement":[{"@type":"ListItem","position":1,"name":"Accueil","item":"https:\/\/www.eventiz.biz\/"},{"@type":"ListItem","position":2,"name":"\u00c9v\u00e8nements","item":"https:\/\/www.eventiz.biz\/evenements"},{"@type":"ListItem","position":3,"name":"D\u00eener VIP"}]},{"@type":"WebSite","@id":"https:\/\/www.eventiz.biz\/#website","url":"https:\/\/www.eventiz.biz\/","name":"Eventiz","description":"Groupe m\u00e9dia sp\u00e9cialis\u00e9 dans l&#039;industrie du Tourisme","publisher":{"@id":"https:\/\/www.eventiz.biz\/#organization"},"potentialAction":[{"@type":"SearchAction","target":{"@type":"EntryPoint","urlTemplate":"https:\/\/www.eventiz.biz\/?s={search_term_string}"},"query-input":{"@type":"PropertyValueSpecification","valueRequired":true,"valueName":"search_term_string"}}],"inLanguage":"en-GB"},{"@type":"Organization","@id":"https:\/\/www.eventiz.biz\/#organization","name":"Eventiz","url":"https:\/\/www.eventiz.biz\/","logo":{"@type":"ImageObject","inLanguage":"en-GB","@id":"https:\/\/www.eventiz.biz\/#\/schema\/logo\/image\/","url":"https:\/\/i0.wp.com\/www.eventiz.biz\/wp-content\/uploads\/2024\/05\/emg-black.png?fit=818%2C379&ssl=1","contentUrl":"https:\/\/i0.wp.com\/www.eventiz.biz\/wp-content\/uploads\/2024\/05\/emg-black.png?fit=818%2C379&ssl=1","width":818,"height":379,"caption":"Eventiz"},"image":{"@id":"https:\/\/www.eventiz.biz\/#\/schema\/logo\/image\/"},"sameAs":["https:\/\/www.facebook.com\/Eventizmediagroup\/","https:\/\/x.com\/Eventiz_travel","https:\/\/www.linkedin.com\/company\/eventiz\/"]}]}},"_links":{"self":[{"href":"https:\/\/www.eventiz.biz\/en\/wp-json\/wp\/v2\/pages\/7493","targetHints":{"allow":["GET"]}}],"collection":[{"href":"https:\/\/www.eventiz.biz\/en\/wp-json\/wp\/v2\/pages"}],"about":[{"href":"https:\/\/www.eventiz.biz\/en\/wp-json\/wp\/v2\/types\/page"}],"author":[{"embeddable":true,"href":"https:\/\/www.eventiz.biz\/en\/wp-json\/wp\/v2\/users\/2"}],"replies":[{"embeddable":true,"href":"https:\/\/www.eventiz.biz\/en\/wp-json\/wp\/v2\/comments?post=7493"}],"version-history":[{"count":44,"href":"https:\/\/www.eventiz.biz\/en\/wp-json\/wp\/v2\/pages\/7493\/revisions"}],"predecessor-version":[{"id":10471,"href":"https:\/\/www.eventiz.biz\/en\/wp-json\/wp\/v2\/pages\/7493\/revisions\/10471"}],"up":[{"embeddable":true,"href":"https:\/\/www.eventiz.biz\/en\/wp-json\/wp\/v2\/pages\/6326"}],"wp:attachment":[{"href":"https:\/\/www.eventiz.biz\/en\/wp-json\/wp\/v2\/media?parent=7493"}],"curies":[{"name":"wp","href":"https:\/\/api.w.org\/{rel}","templated":true}]}}