{"id":5741,"date":"2022-03-11T14:19:58","date_gmt":"2022-03-11T13:19:58","guid":{"rendered":"https:\/\/www.eventizmediagroup.com\/?page_id=5741"},"modified":"2025-10-15T10:47:59","modified_gmt":"2025-10-15T08:47:59","slug":"deplacements-pros","status":"publish","type":"page","link":"https:\/\/www.eventiz.biz\/en\/medias\/deplacements-pros","title":{"rendered":"Deplacements Pros.com"},"content":{"rendered":"<div data-elementor-type=\"wp-page\" data-elementor-id=\"5741\" class=\"elementor elementor-5741\">\n\t\t\t\t\t\t<section class=\"elementor-section elementor-top-section elementor-element elementor-element-f5057d2 elementor-section-boxed elementor-section-height-default elementor-section-height-default qodef-elementor-content-no\" data-id=\"f5057d2\" data-element_type=\"section\">\n\t\t\t\t\t\t<div class=\"elementor-container elementor-column-gap-default\">\n\t\t\t\t\t<div class=\"elementor-column elementor-col-100 elementor-top-column elementor-element elementor-element-e075ede\" data-id=\"e075ede\" data-element_type=\"column\">\n\t\t\t<div class=\"elementor-widget-wrap elementor-element-populated\">\n\t\t\t\t\t\t<div class=\"elementor-element elementor-element-0b1e8e3 elementor-widget elementor-widget-heading\" data-id=\"0b1e8e3\" data-element_type=\"widget\" data-widget_type=\"heading.default\">\n\t\t\t\t<div class=\"elementor-widget-container\">\n\t\t\t\t\t<h2 class=\"elementor-heading-title elementor-size-default\">The French-speaking media for business travel<\/h2>\t\t\t\t<\/div>\n\t\t\t\t<\/div>\n\t\t\t\t<div class=\"elementor-element elementor-element-45a9878 elementor-widget-divider--view-line_text elementor-widget-divider--element-align-center elementor-widget elementor-widget-divider\" data-id=\"45a9878\" data-element_type=\"widget\" data-widget_type=\"divider.default\">\n\t\t\t\t<div class=\"elementor-widget-container\">\n\t\t\t\t\t\t\t<div class=\"elementor-divider\">\n\t\t\t<span class=\"elementor-divider-separator\">\n\t\t\t\t\t\t\t<span class=\"elementor-divider__text elementor-divider__element\">\n\t\t\t\tSince 2009\t\t\t\t<\/span>\n\t\t\t\t\t\t<\/span>\n\t\t<\/div>\n\t\t\t\t\t\t<\/div>\n\t\t\t\t<\/div>\n\t\t\t\t\t<\/div>\n\t\t<\/div>\n\t\t\t\t\t<\/div>\n\t\t<\/section>\n\t\t\t\t<section class=\"elementor-section elementor-top-section elementor-element elementor-element-cdf440f elementor-section-boxed elementor-section-height-default elementor-section-height-default qodef-elementor-content-no\" data-id=\"cdf440f\" data-element_type=\"section\">\n\t\t\t\t\t\t<div class=\"elementor-container elementor-column-gap-default\">\n\t\t\t\t\t<div class=\"elementor-column elementor-col-50 elementor-top-column elementor-element elementor-element-0eb6c87\" data-id=\"0eb6c87\" data-element_type=\"column\">\n\t\t\t<div class=\"elementor-widget-wrap elementor-element-populated\">\n\t\t\t\t\t\t<div class=\"elementor-element elementor-element-e098a41 elementor-widget elementor-widget-text-editor\" data-id=\"e098a41\" data-element_type=\"widget\" data-widget_type=\"text-editor.default\">\n\t\t\t\t<div class=\"elementor-widget-container\">\n\t\t\t\t\t\t\t\t\t<p>Designed for buyers, travel managers, travel coordinators or assistants, as well as SME, small business, and corporate leaders, and frequent travelers who book their own business trips, <strong>DeplacementsPros.com<\/strong> Covers all the latest in business travel: air, accommodation, MICE, technology, traveler experience, geopolitics\u2026 The media supports the daily work of <strong>business travel<\/strong> by providing all the information needed for business travel.<\/p><p>DeplacementsPros.com offers reference reports, events, and essential insights to stay up to date with developments in this field.<\/p>\t\t\t\t\t\t\t\t<\/div>\n\t\t\t\t<\/div>\n\t\t\t\t<div class=\"elementor-element elementor-element-8f0d5a1 elementor-widget elementor-widget-lekker_core_button\" data-id=\"8f0d5a1\" data-element_type=\"widget\" data-widget_type=\"lekker_core_button.default\">\n\t\t\t\t<div class=\"elementor-widget-container\">\n\t\t\t\t\t<a class=\"qodef-shortcode qodef-m  qodef-button qodef-layout--textual  qodef-html--link\" href=\"https:\/\/www.deplacementspros.com\/\" target=\"_self\"  >\n\t<span class=\"qodef-m-text\">Visit deplacementspros.com<\/span>\n\t<span class=\"qodef-m-lines\"><\/span>\n<\/a>\t\t\t\t<\/div>\n\t\t\t\t<\/div>\n\t\t\t\t\t<\/div>\n\t\t<\/div>\n\t\t\t\t<div class=\"elementor-column elementor-col-50 elementor-top-column elementor-element elementor-element-e1418c4\" data-id=\"e1418c4\" data-element_type=\"column\">\n\t\t\t<div class=\"elementor-widget-wrap elementor-element-populated\">\n\t\t\t\t\t\t<div class=\"elementor-element elementor-element-c66ad3f elementor-widget elementor-widget-image\" data-id=\"c66ad3f\" data-element_type=\"widget\" data-widget_type=\"image.default\">\n\t\t\t\t<div class=\"elementor-widget-container\">\n\t\t\t\t\t\t\t\t\t\t\t\t\t\t\t<img fetchpriority=\"high\" decoding=\"async\" width=\"1347\" height=\"624\" src=\"https:\/\/www.eventiz.biz\/wp-content\/uploads\/2022\/03\/DP_Site_Eventiz.png\" class=\"attachment-full size-full wp-image-5998\" alt=\"D\u00e9placementsPros\" srcset=\"https:\/\/www.eventiz.biz\/wp-content\/uploads\/2022\/03\/DP_Site_Eventiz.png 1347w, https:\/\/www.eventiz.biz\/wp-content\/uploads\/2022\/03\/DP_Site_Eventiz-300x139.png 300w, https:\/\/www.eventiz.biz\/wp-content\/uploads\/2022\/03\/DP_Site_Eventiz-1024x474.png 1024w, https:\/\/www.eventiz.biz\/wp-content\/uploads\/2022\/03\/DP_Site_Eventiz-768x356.png 768w\" sizes=\"(max-width: 1347px) 100vw, 1347px\" \/>\t\t\t\t\t\t\t\t\t\t\t\t\t\t\t<\/div>\n\t\t\t\t<\/div>\n\t\t\t\t\t<\/div>\n\t\t<\/div>\n\t\t\t\t\t<\/div>\n\t\t<\/section>\n\t\t\t\t<section class=\"elementor-section elementor-top-section elementor-element elementor-element-1ccbf79 elementor-section-boxed elementor-section-height-default elementor-section-height-default qodef-elementor-content-no\" data-id=\"1ccbf79\" data-element_type=\"section\">\n\t\t\t\t\t\t<div class=\"elementor-container elementor-column-gap-default\">\n\t\t\t\t\t<div class=\"elementor-column elementor-col-100 elementor-top-column elementor-element elementor-element-b055180\" data-id=\"b055180\" data-element_type=\"column\">\n\t\t\t<div class=\"elementor-widget-wrap elementor-element-populated\">\n\t\t\t\t\t\t<div class=\"elementor-element elementor-element-c4892ed elementor-widget elementor-widget-heading\" data-id=\"c4892ed\" data-element_type=\"widget\" data-widget_type=\"heading.default\">\n\t\t\t\t<div class=\"elementor-widget-container\">\n\t\t\t\t\t<h4 class=\"elementor-heading-title elementor-size-default\">In numbers<\/h4>\t\t\t\t<\/div>\n\t\t\t\t<\/div>\n\t\t\t\t\t<\/div>\n\t\t<\/div>\n\t\t\t\t\t<\/div>\n\t\t<\/section>\n\t\t\t\t<section class=\"elementor-section elementor-top-section elementor-element elementor-element-4d05513 elementor-section-boxed elementor-section-height-default elementor-section-height-default qodef-elementor-content-no\" data-id=\"4d05513\" data-element_type=\"section\">\n\t\t\t\t\t\t<div class=\"elementor-container elementor-column-gap-default\">\n\t\t\t\t\t<div class=\"elementor-column elementor-col-33 elementor-top-column elementor-element elementor-element-f65eadf\" data-id=\"f65eadf\" data-element_type=\"column\">\n\t\t\t<div class=\"elementor-widget-wrap elementor-element-populated\">\n\t\t\t\t\t\t<div class=\"elementor-element elementor-element-af5e068 elementor-widget elementor-widget-counter\" data-id=\"af5e068\" data-element_type=\"widget\" data-widget_type=\"counter.default\">\n\t\t\t\t<div class=\"elementor-widget-container\">\n\t\t\t\t\t\t\t<div class=\"elementor-counter\">\n\t\t\t<div class=\"elementor-counter-title\">visits on deplacementspros.com on march 2025<\/div>\t\t\t<div class=\"elementor-counter-number-wrapper\">\n\t\t\t\t<span class=\"elementor-counter-number-prefix\">+<\/span>\n\t\t\t\t<span class=\"elementor-counter-number\" data-duration=\"2000\" data-to-value=\"80000\" data-from-value=\"0\" data-delimiter=\".\">0<\/span>\n\t\t\t\t<span class=\"elementor-counter-number-suffix\"><\/span>\n\t\t\t<\/div>\n\t\t<\/div>\n\t\t\t\t\t\t<\/div>\n\t\t\t\t<\/div>\n\t\t\t\t\t<\/div>\n\t\t<\/div>\n\t\t\t\t<div class=\"elementor-column elementor-col-33 elementor-top-column elementor-element elementor-element-a6811e3\" data-id=\"a6811e3\" data-element_type=\"column\">\n\t\t\t<div class=\"elementor-widget-wrap elementor-element-populated\">\n\t\t\t\t\t\t<div class=\"elementor-element elementor-element-7548788 elementor-widget elementor-widget-counter\" data-id=\"7548788\" data-element_type=\"widget\" data-widget_type=\"counter.default\">\n\t\t\t\t<div class=\"elementor-widget-container\">\n\t\t\t\t\t\t\t<div class=\"elementor-counter\">\n\t\t\t<div class=\"elementor-counter-title\">Daily newsletter subscribers<\/div>\t\t\t<div class=\"elementor-counter-number-wrapper\">\n\t\t\t\t<span class=\"elementor-counter-number-prefix\">+<\/span>\n\t\t\t\t<span class=\"elementor-counter-number\" data-duration=\"2000\" data-to-value=\"25000\" data-from-value=\"0\" data-delimiter=\".\">0<\/span>\n\t\t\t\t<span class=\"elementor-counter-number-suffix\"><\/span>\n\t\t\t<\/div>\n\t\t<\/div>\n\t\t\t\t\t\t<\/div>\n\t\t\t\t<\/div>\n\t\t\t\t\t<\/div>\n\t\t<\/div>\n\t\t\t\t<div class=\"elementor-column elementor-col-33 elementor-top-column elementor-element elementor-element-4ed03a3\" data-id=\"4ed03a3\" data-element_type=\"column\">\n\t\t\t<div class=\"elementor-widget-wrap elementor-element-populated\">\n\t\t\t\t\t\t<div class=\"elementor-element elementor-element-1dd27fb elementor-widget elementor-widget-counter\" data-id=\"1dd27fb\" data-element_type=\"widget\" data-widget_type=\"counter.default\">\n\t\t\t\t<div class=\"elementor-widget-container\">\n\t\t\t\t\t\t\t<div class=\"elementor-counter\">\n\t\t\t<div class=\"elementor-counter-title\">Annual events dedicated to industry decision-makers<\/div>\t\t\t<div class=\"elementor-counter-number-wrapper\">\n\t\t\t\t<span class=\"elementor-counter-number-prefix\"><\/span>\n\t\t\t\t<span class=\"elementor-counter-number\" data-duration=\"2000\" data-to-value=\"2\" data-from-value=\"0\" data-delimiter=\".\">0<\/span>\n\t\t\t\t<span class=\"elementor-counter-number-suffix\"><\/span>\n\t\t\t<\/div>\n\t\t<\/div>\n\t\t\t\t\t\t<\/div>\n\t\t\t\t<\/div>\n\t\t\t\t\t<\/div>\n\t\t<\/div>\n\t\t\t\t\t<\/div>\n\t\t<\/section>\n\t\t\t\t<section class=\"elementor-section elementor-top-section elementor-element elementor-element-f72da2d elementor-section-boxed elementor-section-height-default elementor-section-height-default qodef-elementor-content-no\" data-id=\"f72da2d\" data-element_type=\"section\">\n\t\t\t\t\t\t<div class=\"elementor-container elementor-column-gap-default\">\n\t\t\t\t\t<div class=\"elementor-column elementor-col-100 elementor-top-column elementor-element elementor-element-6c49290\" data-id=\"6c49290\" data-element_type=\"column\">\n\t\t\t<div class=\"elementor-widget-wrap elementor-element-populated\">\n\t\t\t\t\t\t<div class=\"elementor-element elementor-element-2f4d2ee elementor-widget elementor-widget-spacer\" data-id=\"2f4d2ee\" data-element_type=\"widget\" data-widget_type=\"spacer.default\">\n\t\t\t\t<div class=\"elementor-widget-container\">\n\t\t\t\t\t\t\t<div class=\"elementor-spacer\">\n\t\t\t<div class=\"elementor-spacer-inner\"><\/div>\n\t\t<\/div>\n\t\t\t\t\t\t<\/div>\n\t\t\t\t<\/div>\n\t\t\t\t<div class=\"elementor-element elementor-element-8197ce7 elementor-widget elementor-widget-text-editor\" data-id=\"8197ce7\" data-element_type=\"widget\" data-widget_type=\"text-editor.default\">\n\t\t\t\t<div class=\"elementor-widget-container\">\n\t\t\t\t\t\t\t\t\t<p style=\"text-align: center;\">Follow D\u00e9placementsPros.com on social media<\/p>\t\t\t\t\t\t\t\t<\/div>\n\t\t\t\t<\/div>\n\t\t\t\t<div class=\"elementor-element elementor-element-6689c5f elementor-shape-circle elementor-grid-0 e-grid-align-center elementor-widget elementor-widget-social-icons\" data-id=\"6689c5f\" data-element_type=\"widget\" data-widget_type=\"social-icons.default\">\n\t\t\t\t<div class=\"elementor-widget-container\">\n\t\t\t\t\t\t\t<div class=\"elementor-social-icons-wrapper elementor-grid\" role=\"list\">\n\t\t\t\t\t\t\t<span class=\"elementor-grid-item\" role=\"listitem\">\n\t\t\t\t\t<a class=\"elementor-icon elementor-social-icon elementor-social-icon-linkedin elementor-repeater-item-987287a\" href=\"https:\/\/www.linkedin.com\/company\/deplacementspros\/\" target=\"_blank\">\n\t\t\t\t\t\t<span class=\"elementor-screen-only\">Linkedin<\/span>\n\t\t\t\t\t\t<i aria-hidden=\"true\" class=\"fab fa-linkedin\"><\/i>\t\t\t\t\t<\/a>\n\t\t\t\t<\/span>\n\t\t\t\t\t\t\t<span class=\"elementor-grid-item\" role=\"listitem\">\n\t\t\t\t\t<a class=\"elementor-icon elementor-social-icon elementor-social-icon-youtube elementor-repeater-item-069c424\" href=\"https:\/\/www.youtube.com\/channel\/UCKG2WFOT4h5Au3JEBGsbfOg\" target=\"_blank\">\n\t\t\t\t\t\t<span class=\"elementor-screen-only\">Youtube<\/span>\n\t\t\t\t\t\t<i aria-hidden=\"true\" class=\"fab fa-youtube\"><\/i>\t\t\t\t\t<\/a>\n\t\t\t\t<\/span>\n\t\t\t\t\t<\/div>\n\t\t\t\t\t\t<\/div>\n\t\t\t\t<\/div>\n\t\t\t\t\t<\/div>\n\t\t<\/div>\n\t\t\t\t\t<\/div>\n\t\t<\/section>\n\t\t\t\t<\/div>","protected":false},"excerpt":{"rendered":"<p>Le m\u00e9dia francophone des d\u00e9placements professionnels Depuis 2009 Destin\u00e9 aussi bien aux acheteurs, travel managers, charg\u00e9(e)s de voyage ou assistant(e)s qu\u2019aux patrons de PME-PMI, de TPE ou aux grands voyageurs qui r\u00e9servent eux-m\u00eames leurs d\u00e9placements professionnels, DeplacementsPros.com aborde toute l\u2019actualit\u00e9 des d\u00e9placements professionnels : a\u00e9rien, h\u00e9bergement, MICE, technologie, exp\u00e9rience voyageur, g\u00e9opolitique&#8230; Le m\u00e9dia accompagne le [&hellip;]<\/p>","protected":false},"author":2,"featured_media":0,"parent":5593,"menu_order":0,"comment_status":"closed","ping_status":"closed","template":"","meta":{"footnotes":""},"class_list":["post-5741","page","type-page","status-publish","hentry"],"yoast_head":"<!-- This site is optimized with the Yoast SEO plugin v26.7 - https:\/\/yoast.com\/wordpress\/plugins\/seo\/ -->\n<title>D\u00e9placements Pros | Eventiz<\/title>\n<meta name=\"robots\" content=\"index, follow, max-snippet:-1, max-image-preview:large, max-video-preview:-1\" \/>\n<link rel=\"canonical\" href=\"https:\/\/www.eventiz.biz\/en\/medias\/deplacements-pros\/\" \/>\n<meta property=\"og:locale\" content=\"en_GB\" \/>\n<meta property=\"og:type\" content=\"article\" \/>\n<meta property=\"og:title\" content=\"D\u00e9placements Pros | Eventiz\" \/>\n<meta property=\"og:description\" content=\"Le m\u00e9dia francophone des d\u00e9placements professionnels Depuis 2009 Destin\u00e9 aussi bien aux acheteurs, travel managers, charg\u00e9(e)s de voyage ou assistant(e)s qu\u2019aux patrons de PME-PMI, de TPE ou aux grands voyageurs qui r\u00e9servent eux-m\u00eames leurs d\u00e9placements professionnels, DeplacementsPros.com aborde toute l\u2019actualit\u00e9 des d\u00e9placements professionnels : a\u00e9rien, h\u00e9bergement, MICE, technologie, exp\u00e9rience voyageur, g\u00e9opolitique&#8230; Le m\u00e9dia accompagne le [&hellip;]\" \/>\n<meta property=\"og:url\" content=\"https:\/\/www.eventiz.biz\/en\/medias\/deplacements-pros\/\" \/>\n<meta property=\"og:site_name\" content=\"Eventiz\" \/>\n<meta property=\"article:publisher\" content=\"https:\/\/www.facebook.com\/Eventizmediagroup\/\" \/>\n<meta property=\"article:modified_time\" content=\"2025-10-15T08:47:59+00:00\" \/>\n<meta property=\"og:image\" content=\"https:\/\/www.eventiz.biz\/wp-content\/uploads\/2022\/03\/DP_Site_Eventiz.png\" \/>\n<meta name=\"twitter:card\" content=\"summary_large_image\" \/>\n<meta name=\"twitter:site\" content=\"@Eventiz_travel\" \/>\n<meta name=\"twitter:label1\" content=\"Estimated reading time\" \/>\n\t<meta name=\"twitter:data1\" content=\"1 minute\" \/>\n<script type=\"application\/ld+json\" class=\"yoast-schema-graph\">{\"@context\":\"https:\/\/schema.org\",\"@graph\":[{\"@type\":\"WebPage\",\"@id\":\"https:\/\/www.eventiz.biz\/medias\/deplacements-pros\",\"url\":\"https:\/\/www.eventiz.biz\/medias\/deplacements-pros\",\"name\":\"D\u00e9placements Pros | Eventiz\",\"isPartOf\":{\"@id\":\"https:\/\/www.eventiz.biz\/#website\"},\"primaryImageOfPage\":{\"@id\":\"https:\/\/www.eventiz.biz\/medias\/deplacements-pros#primaryimage\"},\"image\":{\"@id\":\"https:\/\/www.eventiz.biz\/medias\/deplacements-pros#primaryimage\"},\"thumbnailUrl\":\"https:\/\/www.eventiz.biz\/wp-content\/uploads\/2022\/03\/DP_Site_Eventiz.png\",\"datePublished\":\"2022-03-11T13:19:58+00:00\",\"dateModified\":\"2025-10-15T08:47:59+00:00\",\"breadcrumb\":{\"@id\":\"https:\/\/www.eventiz.biz\/medias\/deplacements-pros#breadcrumb\"},\"inLanguage\":\"en-GB\",\"potentialAction\":[{\"@type\":\"ReadAction\",\"target\":[\"https:\/\/www.eventiz.biz\/medias\/deplacements-pros\"]}]},{\"@type\":\"ImageObject\",\"inLanguage\":\"en-GB\",\"@id\":\"https:\/\/www.eventiz.biz\/medias\/deplacements-pros#primaryimage\",\"url\":\"https:\/\/www.eventiz.biz\/wp-content\/uploads\/2022\/03\/DP_Site_Eventiz.png\",\"contentUrl\":\"https:\/\/www.eventiz.biz\/wp-content\/uploads\/2022\/03\/DP_Site_Eventiz.png\"},{\"@type\":\"BreadcrumbList\",\"@id\":\"https:\/\/www.eventiz.biz\/medias\/deplacements-pros#breadcrumb\",\"itemListElement\":[{\"@type\":\"ListItem\",\"position\":1,\"name\":\"Accueil\",\"item\":\"https:\/\/www.eventiz.biz\/\"},{\"@type\":\"ListItem\",\"position\":2,\"name\":\"M\u00e9dias\",\"item\":\"https:\/\/www.eventiz.biz\/medias\"},{\"@type\":\"ListItem\",\"position\":3,\"name\":\"D\u00e9placements Pros\"}]},{\"@type\":\"WebSite\",\"@id\":\"https:\/\/www.eventiz.biz\/#website\",\"url\":\"https:\/\/www.eventiz.biz\/\",\"name\":\"Eventiz\",\"description\":\"Groupe m\u00e9dia sp\u00e9cialis\u00e9 dans l&#039;industrie du Tourisme\",\"publisher\":{\"@id\":\"https:\/\/www.eventiz.biz\/#organization\"},\"potentialAction\":[{\"@type\":\"SearchAction\",\"target\":{\"@type\":\"EntryPoint\",\"urlTemplate\":\"https:\/\/www.eventiz.biz\/?s={search_term_string}\"},\"query-input\":{\"@type\":\"PropertyValueSpecification\",\"valueRequired\":true,\"valueName\":\"search_term_string\"}}],\"inLanguage\":\"en-GB\"},{\"@type\":\"Organization\",\"@id\":\"https:\/\/www.eventiz.biz\/#organization\",\"name\":\"Eventiz\",\"url\":\"https:\/\/www.eventiz.biz\/\",\"logo\":{\"@type\":\"ImageObject\",\"inLanguage\":\"en-GB\",\"@id\":\"https:\/\/www.eventiz.biz\/#\/schema\/logo\/image\/\",\"url\":\"https:\/\/i0.wp.com\/www.eventiz.biz\/wp-content\/uploads\/2024\/05\/emg-black.png?fit=818%2C379&ssl=1\",\"contentUrl\":\"https:\/\/i0.wp.com\/www.eventiz.biz\/wp-content\/uploads\/2024\/05\/emg-black.png?fit=818%2C379&ssl=1\",\"width\":818,\"height\":379,\"caption\":\"Eventiz\"},\"image\":{\"@id\":\"https:\/\/www.eventiz.biz\/#\/schema\/logo\/image\/\"},\"sameAs\":[\"https:\/\/www.facebook.com\/Eventizmediagroup\/\",\"https:\/\/x.com\/Eventiz_travel\",\"https:\/\/www.linkedin.com\/company\/eventiz\/\"]}]}<\/script>\n<!-- \/ Yoast SEO plugin. -->","yoast_head_json":{"title":"D\u00e9placements Pros | Eventiz","robots":{"index":"index","follow":"follow","max-snippet":"max-snippet:-1","max-image-preview":"max-image-preview:large","max-video-preview":"max-video-preview:-1"},"canonical":"https:\/\/www.eventiz.biz\/en\/medias\/deplacements-pros\/","og_locale":"en_GB","og_type":"article","og_title":"D\u00e9placements Pros | Eventiz","og_description":"Le m\u00e9dia francophone des d\u00e9placements professionnels Depuis 2009 Destin\u00e9 aussi bien aux acheteurs, travel managers, charg\u00e9(e)s de voyage ou assistant(e)s qu\u2019aux patrons de PME-PMI, de TPE ou aux grands voyageurs qui r\u00e9servent eux-m\u00eames leurs d\u00e9placements professionnels, DeplacementsPros.com aborde toute l\u2019actualit\u00e9 des d\u00e9placements professionnels : a\u00e9rien, h\u00e9bergement, MICE, technologie, exp\u00e9rience voyageur, g\u00e9opolitique&#8230; Le m\u00e9dia accompagne le [&hellip;]","og_url":"https:\/\/www.eventiz.biz\/en\/medias\/deplacements-pros\/","og_site_name":"Eventiz","article_publisher":"https:\/\/www.facebook.com\/Eventizmediagroup\/","article_modified_time":"2025-10-15T08:47:59+00:00","og_image":[{"url":"https:\/\/www.eventiz.biz\/wp-content\/uploads\/2022\/03\/DP_Site_Eventiz.png","type":"","width":"","height":""}],"twitter_card":"summary_large_image","twitter_site":"@Eventiz_travel","twitter_misc":{"Estimated reading time":"1 minute"},"schema":{"@context":"https:\/\/schema.org","@graph":[{"@type":"WebPage","@id":"https:\/\/www.eventiz.biz\/medias\/deplacements-pros","url":"https:\/\/www.eventiz.biz\/medias\/deplacements-pros","name":"D\u00e9placements Pros | Eventiz","isPartOf":{"@id":"https:\/\/www.eventiz.biz\/#website"},"primaryImageOfPage":{"@id":"https:\/\/www.eventiz.biz\/medias\/deplacements-pros#primaryimage"},"image":{"@id":"https:\/\/www.eventiz.biz\/medias\/deplacements-pros#primaryimage"},"thumbnailUrl":"https:\/\/www.eventiz.biz\/wp-content\/uploads\/2022\/03\/DP_Site_Eventiz.png","datePublished":"2022-03-11T13:19:58+00:00","dateModified":"2025-10-15T08:47:59+00:00","breadcrumb":{"@id":"https:\/\/www.eventiz.biz\/medias\/deplacements-pros#breadcrumb"},"inLanguage":"en-GB","potentialAction":[{"@type":"ReadAction","target":["https:\/\/www.eventiz.biz\/medias\/deplacements-pros"]}]},{"@type":"ImageObject","inLanguage":"en-GB","@id":"https:\/\/www.eventiz.biz\/medias\/deplacements-pros#primaryimage","url":"https:\/\/www.eventiz.biz\/wp-content\/uploads\/2022\/03\/DP_Site_Eventiz.png","contentUrl":"https:\/\/www.eventiz.biz\/wp-content\/uploads\/2022\/03\/DP_Site_Eventiz.png"},{"@type":"BreadcrumbList","@id":"https:\/\/www.eventiz.biz\/medias\/deplacements-pros#breadcrumb","itemListElement":[{"@type":"ListItem","position":1,"name":"Accueil","item":"https:\/\/www.eventiz.biz\/"},{"@type":"ListItem","position":2,"name":"M\u00e9dias","item":"https:\/\/www.eventiz.biz\/medias"},{"@type":"ListItem","position":3,"name":"D\u00e9placements Pros"}]},{"@type":"WebSite","@id":"https:\/\/www.eventiz.biz\/#website","url":"https:\/\/www.eventiz.biz\/","name":"Eventiz","description":"Groupe m\u00e9dia sp\u00e9cialis\u00e9 dans l&#039;industrie du Tourisme","publisher":{"@id":"https:\/\/www.eventiz.biz\/#organization"},"potentialAction":[{"@type":"SearchAction","target":{"@type":"EntryPoint","urlTemplate":"https:\/\/www.eventiz.biz\/?s={search_term_string}"},"query-input":{"@type":"PropertyValueSpecification","valueRequired":true,"valueName":"search_term_string"}}],"inLanguage":"en-GB"},{"@type":"Organization","@id":"https:\/\/www.eventiz.biz\/#organization","name":"Eventiz","url":"https:\/\/www.eventiz.biz\/","logo":{"@type":"ImageObject","inLanguage":"en-GB","@id":"https:\/\/www.eventiz.biz\/#\/schema\/logo\/image\/","url":"https:\/\/i0.wp.com\/www.eventiz.biz\/wp-content\/uploads\/2024\/05\/emg-black.png?fit=818%2C379&ssl=1","contentUrl":"https:\/\/i0.wp.com\/www.eventiz.biz\/wp-content\/uploads\/2024\/05\/emg-black.png?fit=818%2C379&ssl=1","width":818,"height":379,"caption":"Eventiz"},"image":{"@id":"https:\/\/www.eventiz.biz\/#\/schema\/logo\/image\/"},"sameAs":["https:\/\/www.facebook.com\/Eventizmediagroup\/","https:\/\/x.com\/Eventiz_travel","https:\/\/www.linkedin.com\/company\/eventiz\/"]}]}},"_links":{"self":[{"href":"https:\/\/www.eventiz.biz\/en\/wp-json\/wp\/v2\/pages\/5741","targetHints":{"allow":["GET"]}}],"collection":[{"href":"https:\/\/www.eventiz.biz\/en\/wp-json\/wp\/v2\/pages"}],"about":[{"href":"https:\/\/www.eventiz.biz\/en\/wp-json\/wp\/v2\/types\/page"}],"author":[{"embeddable":true,"href":"https:\/\/www.eventiz.biz\/en\/wp-json\/wp\/v2\/users\/2"}],"replies":[{"embeddable":true,"href":"https:\/\/www.eventiz.biz\/en\/wp-json\/wp\/v2\/comments?post=5741"}],"version-history":[{"count":74,"href":"https:\/\/www.eventiz.biz\/en\/wp-json\/wp\/v2\/pages\/5741\/revisions"}],"predecessor-version":[{"id":13618,"href":"https:\/\/www.eventiz.biz\/en\/wp-json\/wp\/v2\/pages\/5741\/revisions\/13618"}],"up":[{"embeddable":true,"href":"https:\/\/www.eventiz.biz\/en\/wp-json\/wp\/v2\/pages\/5593"}],"wp:attachment":[{"href":"https:\/\/www.eventiz.biz\/en\/wp-json\/wp\/v2\/media?parent=5741"}],"curies":[{"name":"wp","href":"https:\/\/api.w.org\/{rel}","templated":true}]}}