{"id":5555,"date":"2022-03-08T15:52:28","date_gmt":"2022-03-08T14:52:28","guid":{"rendered":"https:\/\/www.eventizmediagroup.com\/?page_id=5555"},"modified":"2025-12-30T14:18:46","modified_gmt":"2025-12-30T13:18:46","slug":"tom-travel","status":"publish","type":"page","link":"https:\/\/www.eventiz.biz\/en\/medias\/tom-travel","title":{"rendered":"TOM.travel"},"content":{"rendered":"<div data-elementor-type=\"wp-page\" data-elementor-id=\"5555\" class=\"elementor elementor-5555\">\n\t\t\t\t\t\t<section class=\"elementor-section elementor-top-section elementor-element elementor-element-499b898 elementor-section-boxed elementor-section-height-default elementor-section-height-default qodef-elementor-content-no\" data-id=\"499b898\" data-element_type=\"section\">\n\t\t\t\t\t\t<div class=\"elementor-container elementor-column-gap-default\">\n\t\t\t\t\t<div class=\"elementor-column elementor-col-100 elementor-top-column elementor-element elementor-element-1446fe5\" data-id=\"1446fe5\" data-element_type=\"column\">\n\t\t\t<div class=\"elementor-widget-wrap elementor-element-populated\">\n\t\t\t\t\t\t<div class=\"elementor-element elementor-element-6772f07 animated-slow elementor-invisible elementor-widget elementor-widget-heading\" data-id=\"6772f07\" data-element_type=\"widget\" data-settings=\"{&quot;_animation&quot;:&quot;fadeIn&quot;,&quot;_animation_delay&quot;:300}\" data-widget_type=\"heading.default\">\n\t\t\t\t<div class=\"elementor-widget-container\">\n\t\t\t\t\t<h2 class=\"elementor-heading-title elementor-size-default\">Le m\u00e9dia qui explore les tendances<br>\ndans le voyage<\/h2>\t\t\t\t<\/div>\n\t\t\t\t<\/div>\n\t\t\t\t<div class=\"elementor-element elementor-element-9391b40 elementor-widget-divider--view-line_text elementor-widget-divider--element-align-center elementor-invisible elementor-widget elementor-widget-divider\" data-id=\"9391b40\" data-element_type=\"widget\" data-settings=\"{&quot;_animation&quot;:&quot;fadeIn&quot;,&quot;_animation_delay&quot;:400}\" data-widget_type=\"divider.default\">\n\t\t\t\t<div class=\"elementor-widget-container\">\n\t\t\t\t\t\t\t<div class=\"elementor-divider\">\n\t\t\t<span class=\"elementor-divider-separator\">\n\t\t\t\t\t\t\t<span class=\"elementor-divider__text elementor-divider__element\">\n\t\t\t\tdepuis 2013\t\t\t\t<\/span>\n\t\t\t\t\t\t<\/span>\n\t\t<\/div>\n\t\t\t\t\t\t<\/div>\n\t\t\t\t<\/div>\n\t\t\t\t\t<\/div>\n\t\t<\/div>\n\t\t\t\t\t<\/div>\n\t\t<\/section>\n\t\t\t\t<section class=\"elementor-section elementor-top-section elementor-element elementor-element-b82907e elementor-section-boxed elementor-section-height-default elementor-section-height-default qodef-elementor-content-no\" data-id=\"b82907e\" data-element_type=\"section\">\n\t\t\t\t\t\t<div class=\"elementor-container elementor-column-gap-default\">\n\t\t\t\t\t<div class=\"elementor-column elementor-col-50 elementor-top-column elementor-element elementor-element-94b53be\" data-id=\"94b53be\" data-element_type=\"column\">\n\t\t\t<div class=\"elementor-widget-wrap elementor-element-populated\">\n\t\t\t\t\t\t<div class=\"elementor-element elementor-element-5870fe0 elementor-widget elementor-widget-text-editor\" data-id=\"5870fe0\" data-element_type=\"widget\" data-widget_type=\"text-editor.default\">\n\t\t\t\t<div class=\"elementor-widget-container\">\n\t\t\t\t\t\t\t\t\t<p style=\"font-weight: 400;\">Fort d\u2019un r\u00e9seau d\u2019experts reconnus et d\u2019une r\u00e9daction compos\u00e9e de journalistes sp\u00e9cialis\u00e9s en technologie,\u00a0<strong>TOM.travel<\/strong>\u00a0aide les acteurs du Tourisme, de la Culture, du Transport et du Voyage d\u2019Affaires \u00e0 comprendre les enjeux actuels et futurs li\u00e9s au num\u00e9rique. La r\u00e9daction d\u00e9crypte les tendances pour comprendre comment \u00e9voluent les mani\u00e8res de voyager.<\/p><p style=\"font-weight: 400;\">TOM.travel, c\u2019est\u00a0:<\/p><ul style=\"font-weight: 400;\"><li>des articles publi\u00e9s quotidiennement et des reportages vid\u00e9o<\/li><li>des informations sur les tendances pour \u00eatre \u00e0 l\u2019avant-garde<\/li><li>des \u00e9v\u00e9nements sur la transformation du voyage\u00a0loisirs et affaires<\/li><li>de la bonne humeur et des jeux de mots savoureux<\/li><\/ul>\t\t\t\t\t\t\t\t<\/div>\n\t\t\t\t<\/div>\n\t\t\t\t<div class=\"elementor-element elementor-element-99aeb4a elementor-widget elementor-widget-lekker_core_button\" data-id=\"99aeb4a\" data-element_type=\"widget\" data-widget_type=\"lekker_core_button.default\">\n\t\t\t\t<div class=\"elementor-widget-container\">\n\t\t\t\t\t<a class=\"qodef-shortcode qodef-m  qodef-button qodef-layout--textual  qodef-html--link\" href=\"https:\/\/tom.travel\/\" target=\"_blank\"  >\n\t<span class=\"qodef-m-text\">Visiter TOM.travel<\/span>\n\t<span class=\"qodef-m-lines\"><\/span>\n<\/a>\t\t\t\t<\/div>\n\t\t\t\t<\/div>\n\t\t\t\t\t<\/div>\n\t\t<\/div>\n\t\t\t\t<div class=\"elementor-column elementor-col-50 elementor-top-column elementor-element elementor-element-c9a393c\" data-id=\"c9a393c\" data-element_type=\"column\">\n\t\t\t<div class=\"elementor-widget-wrap elementor-element-populated\">\n\t\t\t\t\t\t<div class=\"elementor-element elementor-element-e33b228 elementor-widget elementor-widget-image\" data-id=\"e33b228\" data-element_type=\"widget\" data-widget_type=\"image.default\">\n\t\t\t\t<div class=\"elementor-widget-container\">\n\t\t\t\t\t\t\t\t\t\t\t\t\t\t\t<img fetchpriority=\"high\" decoding=\"async\" width=\"1347\" height=\"624\" src=\"https:\/\/www.eventiz.biz\/wp-content\/uploads\/2025\/12\/SIte-Eventiz-devices.png\" class=\"attachment-full size-full wp-image-13360\" alt=\"tom.travel devices\" srcset=\"https:\/\/www.eventiz.biz\/wp-content\/uploads\/2025\/12\/SIte-Eventiz-devices.png 1347w, https:\/\/www.eventiz.biz\/wp-content\/uploads\/2025\/12\/SIte-Eventiz-devices-300x139.png 300w, https:\/\/www.eventiz.biz\/wp-content\/uploads\/2025\/12\/SIte-Eventiz-devices-1024x474.png 1024w, https:\/\/www.eventiz.biz\/wp-content\/uploads\/2025\/12\/SIte-Eventiz-devices-768x356.png 768w\" sizes=\"(max-width: 1347px) 100vw, 1347px\" \/>\t\t\t\t\t\t\t\t\t\t\t\t\t\t\t<\/div>\n\t\t\t\t<\/div>\n\t\t\t\t\t<\/div>\n\t\t<\/div>\n\t\t\t\t\t<\/div>\n\t\t<\/section>\n\t\t\t\t<section class=\"elementor-section elementor-top-section elementor-element elementor-element-df64051 elementor-section-boxed elementor-section-height-default elementor-section-height-default qodef-elementor-content-no\" data-id=\"df64051\" data-element_type=\"section\">\n\t\t\t\t\t\t<div class=\"elementor-container elementor-column-gap-default\">\n\t\t\t\t\t<div class=\"elementor-column elementor-col-100 elementor-top-column elementor-element elementor-element-0e1811f\" data-id=\"0e1811f\" data-element_type=\"column\">\n\t\t\t<div class=\"elementor-widget-wrap elementor-element-populated\">\n\t\t\t\t\t\t<div class=\"elementor-element elementor-element-29e7de0 elementor-widget elementor-widget-heading\" data-id=\"29e7de0\" data-element_type=\"widget\" data-widget_type=\"heading.default\">\n\t\t\t\t<div class=\"elementor-widget-container\">\n\t\t\t\t\t<h4 class=\"elementor-heading-title elementor-size-default\">In numbers<\/h4>\t\t\t\t<\/div>\n\t\t\t\t<\/div>\n\t\t\t\t\t<\/div>\n\t\t<\/div>\n\t\t\t\t\t<\/div>\n\t\t<\/section>\n\t\t\t\t<section class=\"elementor-section elementor-top-section elementor-element elementor-element-5af5a3a elementor-section-boxed elementor-section-height-default elementor-section-height-default qodef-elementor-content-no\" data-id=\"5af5a3a\" data-element_type=\"section\">\n\t\t\t\t\t\t<div class=\"elementor-container elementor-column-gap-default\">\n\t\t\t\t\t<div class=\"elementor-column elementor-col-33 elementor-top-column elementor-element elementor-element-10d846a\" data-id=\"10d846a\" data-element_type=\"column\">\n\t\t\t<div class=\"elementor-widget-wrap elementor-element-populated\">\n\t\t\t\t\t\t<div class=\"elementor-element elementor-element-b6c11d7 elementor-widget elementor-widget-counter\" data-id=\"b6c11d7\" data-element_type=\"widget\" data-widget_type=\"counter.default\">\n\t\t\t\t<div class=\"elementor-widget-container\">\n\t\t\t\t\t\t\t<div class=\"elementor-counter\">\n\t\t\t<div class=\"elementor-counter-title\">visites sur TOM.travel en f\u00e9vrier 2025<\/div>\t\t\t<div class=\"elementor-counter-number-wrapper\">\n\t\t\t\t<span class=\"elementor-counter-number-prefix\">+<\/span>\n\t\t\t\t<span class=\"elementor-counter-number\" data-duration=\"2000\" data-to-value=\"35000\" data-from-value=\"0\" data-delimiter=\".\">0<\/span>\n\t\t\t\t<span class=\"elementor-counter-number-suffix\"><\/span>\n\t\t\t<\/div>\n\t\t<\/div>\n\t\t\t\t\t\t<\/div>\n\t\t\t\t<\/div>\n\t\t\t\t\t<\/div>\n\t\t<\/div>\n\t\t\t\t<div class=\"elementor-column elementor-col-33 elementor-top-column elementor-element elementor-element-4be5e00\" data-id=\"4be5e00\" data-element_type=\"column\">\n\t\t\t<div class=\"elementor-widget-wrap elementor-element-populated\">\n\t\t\t\t\t\t<div class=\"elementor-element elementor-element-908d3a7 elementor-widget elementor-widget-counter\" data-id=\"908d3a7\" data-element_type=\"widget\" data-widget_type=\"counter.default\">\n\t\t\t\t<div class=\"elementor-widget-container\">\n\t\t\t\t\t\t\t<div class=\"elementor-counter\">\n\t\t\t<div class=\"elementor-counter-title\">Daily newsletter subscribers<\/div>\t\t\t<div class=\"elementor-counter-number-wrapper\">\n\t\t\t\t<span class=\"elementor-counter-number-prefix\">+<\/span>\n\t\t\t\t<span class=\"elementor-counter-number\" data-duration=\"2000\" data-to-value=\"15000\" data-from-value=\"0\" data-delimiter=\".\">0<\/span>\n\t\t\t\t<span class=\"elementor-counter-number-suffix\"><\/span>\n\t\t\t<\/div>\n\t\t<\/div>\n\t\t\t\t\t\t<\/div>\n\t\t\t\t<\/div>\n\t\t\t\t\t<\/div>\n\t\t<\/div>\n\t\t\t\t<div class=\"elementor-column elementor-col-33 elementor-top-column elementor-element elementor-element-7afaaa4\" data-id=\"7afaaa4\" data-element_type=\"column\">\n\t\t\t<div class=\"elementor-widget-wrap elementor-element-populated\">\n\t\t\t\t\t\t<div class=\"elementor-element elementor-element-7ff653c elementor-widget elementor-widget-counter\" data-id=\"7ff653c\" data-element_type=\"widget\" data-widget_type=\"counter.default\">\n\t\t\t\t<div class=\"elementor-widget-container\">\n\t\t\t\t\t\t\t<div class=\"elementor-counter\">\n\t\t\t<div class=\"elementor-counter-title\">Social Media subscribers<\/div>\t\t\t<div class=\"elementor-counter-number-wrapper\">\n\t\t\t\t<span class=\"elementor-counter-number-prefix\">+<\/span>\n\t\t\t\t<span class=\"elementor-counter-number\" data-duration=\"2000\" data-to-value=\"19500\" data-from-value=\"0\" data-delimiter=\".\">0<\/span>\n\t\t\t\t<span class=\"elementor-counter-number-suffix\"><\/span>\n\t\t\t<\/div>\n\t\t<\/div>\n\t\t\t\t\t\t<\/div>\n\t\t\t\t<\/div>\n\t\t\t\t\t<\/div>\n\t\t<\/div>\n\t\t\t\t\t<\/div>\n\t\t<\/section>\n\t\t\t\t<section class=\"elementor-section elementor-top-section elementor-element elementor-element-875f1e0 elementor-section-boxed elementor-section-height-default elementor-section-height-default qodef-elementor-content-no\" data-id=\"875f1e0\" data-element_type=\"section\">\n\t\t\t\t\t\t<div class=\"elementor-container elementor-column-gap-default\">\n\t\t\t\t\t<div class=\"elementor-column elementor-col-100 elementor-top-column elementor-element elementor-element-f31b5bb\" data-id=\"f31b5bb\" data-element_type=\"column\">\n\t\t\t<div class=\"elementor-widget-wrap elementor-element-populated\">\n\t\t\t\t\t\t<div class=\"elementor-element elementor-element-deaf9a6 elementor-widget elementor-widget-spacer\" data-id=\"deaf9a6\" data-element_type=\"widget\" data-widget_type=\"spacer.default\">\n\t\t\t\t<div class=\"elementor-widget-container\">\n\t\t\t\t\t\t\t<div class=\"elementor-spacer\">\n\t\t\t<div class=\"elementor-spacer-inner\"><\/div>\n\t\t<\/div>\n\t\t\t\t\t\t<\/div>\n\t\t\t\t<\/div>\n\t\t\t\t<div class=\"elementor-element elementor-element-33fd0c8 elementor-widget elementor-widget-text-editor\" data-id=\"33fd0c8\" data-element_type=\"widget\" data-widget_type=\"text-editor.default\">\n\t\t\t\t<div class=\"elementor-widget-container\">\n\t\t\t\t\t\t\t\t\t<p style=\"text-align: center;\">suivez TOM.travel sur les r\u00e9seaux sociaux<\/p>\t\t\t\t\t\t\t\t<\/div>\n\t\t\t\t<\/div>\n\t\t\t\t<div class=\"elementor-element elementor-element-c2e137a elementor-shape-circle elementor-grid-0 e-grid-align-center elementor-widget elementor-widget-social-icons\" data-id=\"c2e137a\" data-element_type=\"widget\" data-widget_type=\"social-icons.default\">\n\t\t\t\t<div class=\"elementor-widget-container\">\n\t\t\t\t\t\t\t<div class=\"elementor-social-icons-wrapper elementor-grid\" role=\"list\">\n\t\t\t\t\t\t\t<span class=\"elementor-grid-item\" role=\"listitem\">\n\t\t\t\t\t<a class=\"elementor-icon elementor-social-icon elementor-social-icon-linkedin elementor-repeater-item-d62952a\" href=\"https:\/\/www.linkedin.com\/company\/travel-on-move\/\" target=\"_blank\">\n\t\t\t\t\t\t<span class=\"elementor-screen-only\">Linkedin<\/span>\n\t\t\t\t\t\t<i aria-hidden=\"true\" class=\"fab fa-linkedin\"><\/i>\t\t\t\t\t<\/a>\n\t\t\t\t<\/span>\n\t\t\t\t\t\t\t<span class=\"elementor-grid-item\" role=\"listitem\">\n\t\t\t\t\t<a class=\"elementor-icon elementor-social-icon elementor-social-icon-youtube elementor-repeater-item-744737f\" href=\"https:\/\/www.youtube.com\/channel\/UCQ4aFlcCcjzAslYPA11MqZg\" target=\"_blank\">\n\t\t\t\t\t\t<span class=\"elementor-screen-only\">Youtube<\/span>\n\t\t\t\t\t\t<i aria-hidden=\"true\" class=\"fab fa-youtube\"><\/i>\t\t\t\t\t<\/a>\n\t\t\t\t<\/span>\n\t\t\t\t\t<\/div>\n\t\t\t\t\t\t<\/div>\n\t\t\t\t<\/div>\n\t\t\t\t\t<\/div>\n\t\t<\/div>\n\t\t\t\t\t<\/div>\n\t\t<\/section>\n\t\t\t\t<\/div>","protected":false},"excerpt":{"rendered":"<p>Le m\u00e9dia qui explore les tendances dans le voyage depuis 2013 Fort d\u2019un r\u00e9seau d\u2019experts reconnus et d\u2019une r\u00e9daction compos\u00e9e de journalistes sp\u00e9cialis\u00e9s en technologie,\u00a0TOM.travel\u00a0aide les acteurs du Tourisme, de la Culture, du Transport et du Voyage d\u2019Affaires \u00e0 comprendre les enjeux actuels et futurs li\u00e9s au num\u00e9rique. La r\u00e9daction d\u00e9crypte les tendances pour comprendre [&hellip;]<\/p>","protected":false},"author":2,"featured_media":0,"parent":5593,"menu_order":0,"comment_status":"closed","ping_status":"closed","template":"","meta":{"footnotes":""},"class_list":["post-5555","page","type-page","status-publish","hentry"],"yoast_head":"<!-- This site is optimized with the Yoast SEO plugin v26.7 - https:\/\/yoast.com\/wordpress\/plugins\/seo\/ -->\n<title>TOM.travel | Eventiz<\/title>\n<meta name=\"robots\" content=\"index, follow, max-snippet:-1, max-image-preview:large, max-video-preview:-1\" \/>\n<link rel=\"canonical\" href=\"https:\/\/www.eventiz.biz\/en\/medias\/tom-travel\/\" \/>\n<meta property=\"og:locale\" content=\"en_GB\" \/>\n<meta property=\"og:type\" content=\"article\" \/>\n<meta property=\"og:title\" content=\"TOM.travel | Eventiz\" \/>\n<meta property=\"og:description\" content=\"Le m\u00e9dia qui explore les tendances dans le voyage depuis 2013 Fort d\u2019un r\u00e9seau d\u2019experts reconnus et d\u2019une r\u00e9daction compos\u00e9e de journalistes sp\u00e9cialis\u00e9s en technologie,\u00a0TOM.travel\u00a0aide les acteurs du Tourisme, de la Culture, du Transport et du Voyage d\u2019Affaires \u00e0 comprendre les enjeux actuels et futurs li\u00e9s au num\u00e9rique. La r\u00e9daction d\u00e9crypte les tendances pour comprendre [&hellip;]\" \/>\n<meta property=\"og:url\" content=\"https:\/\/www.eventiz.biz\/en\/medias\/tom-travel\/\" \/>\n<meta property=\"og:site_name\" content=\"Eventiz\" \/>\n<meta property=\"article:publisher\" content=\"https:\/\/www.facebook.com\/Eventizmediagroup\/\" \/>\n<meta property=\"article:modified_time\" content=\"2025-12-30T13:18:46+00:00\" \/>\n<meta property=\"og:image\" content=\"https:\/\/www.eventiz.biz\/wp-content\/uploads\/2025\/12\/SIte-Eventiz-devices.png\" \/>\n<meta name=\"twitter:card\" content=\"summary_large_image\" \/>\n<meta name=\"twitter:site\" content=\"@Eventiz_travel\" \/>\n<meta name=\"twitter:label1\" content=\"Estimated reading time\" \/>\n\t<meta name=\"twitter:data1\" content=\"1 minute\" \/>\n<script type=\"application\/ld+json\" class=\"yoast-schema-graph\">{\"@context\":\"https:\/\/schema.org\",\"@graph\":[{\"@type\":\"WebPage\",\"@id\":\"https:\/\/www.eventiz.biz\/medias\/tom-travel\",\"url\":\"https:\/\/www.eventiz.biz\/medias\/tom-travel\",\"name\":\"TOM.travel | Eventiz\",\"isPartOf\":{\"@id\":\"https:\/\/www.eventiz.biz\/#website\"},\"primaryImageOfPage\":{\"@id\":\"https:\/\/www.eventiz.biz\/medias\/tom-travel#primaryimage\"},\"image\":{\"@id\":\"https:\/\/www.eventiz.biz\/medias\/tom-travel#primaryimage\"},\"thumbnailUrl\":\"https:\/\/www.eventiz.biz\/wp-content\/uploads\/2025\/12\/SIte-Eventiz-devices.png\",\"datePublished\":\"2022-03-08T14:52:28+00:00\",\"dateModified\":\"2025-12-30T13:18:46+00:00\",\"breadcrumb\":{\"@id\":\"https:\/\/www.eventiz.biz\/medias\/tom-travel#breadcrumb\"},\"inLanguage\":\"en-GB\",\"potentialAction\":[{\"@type\":\"ReadAction\",\"target\":[\"https:\/\/www.eventiz.biz\/medias\/tom-travel\"]}]},{\"@type\":\"ImageObject\",\"inLanguage\":\"en-GB\",\"@id\":\"https:\/\/www.eventiz.biz\/medias\/tom-travel#primaryimage\",\"url\":\"https:\/\/www.eventiz.biz\/wp-content\/uploads\/2025\/12\/SIte-Eventiz-devices.png\",\"contentUrl\":\"https:\/\/www.eventiz.biz\/wp-content\/uploads\/2025\/12\/SIte-Eventiz-devices.png\"},{\"@type\":\"BreadcrumbList\",\"@id\":\"https:\/\/www.eventiz.biz\/medias\/tom-travel#breadcrumb\",\"itemListElement\":[{\"@type\":\"ListItem\",\"position\":1,\"name\":\"Accueil\",\"item\":\"https:\/\/www.eventiz.biz\/\"},{\"@type\":\"ListItem\",\"position\":2,\"name\":\"M\u00e9dias\",\"item\":\"https:\/\/www.eventiz.biz\/medias\"},{\"@type\":\"ListItem\",\"position\":3,\"name\":\"TOM.travel\"}]},{\"@type\":\"WebSite\",\"@id\":\"https:\/\/www.eventiz.biz\/#website\",\"url\":\"https:\/\/www.eventiz.biz\/\",\"name\":\"Eventiz\",\"description\":\"Groupe m\u00e9dia sp\u00e9cialis\u00e9 dans l&#039;industrie du Tourisme\",\"publisher\":{\"@id\":\"https:\/\/www.eventiz.biz\/#organization\"},\"potentialAction\":[{\"@type\":\"SearchAction\",\"target\":{\"@type\":\"EntryPoint\",\"urlTemplate\":\"https:\/\/www.eventiz.biz\/?s={search_term_string}\"},\"query-input\":{\"@type\":\"PropertyValueSpecification\",\"valueRequired\":true,\"valueName\":\"search_term_string\"}}],\"inLanguage\":\"en-GB\"},{\"@type\":\"Organization\",\"@id\":\"https:\/\/www.eventiz.biz\/#organization\",\"name\":\"Eventiz\",\"url\":\"https:\/\/www.eventiz.biz\/\",\"logo\":{\"@type\":\"ImageObject\",\"inLanguage\":\"en-GB\",\"@id\":\"https:\/\/www.eventiz.biz\/#\/schema\/logo\/image\/\",\"url\":\"https:\/\/i0.wp.com\/www.eventiz.biz\/wp-content\/uploads\/2024\/05\/emg-black.png?fit=818%2C379&ssl=1\",\"contentUrl\":\"https:\/\/i0.wp.com\/www.eventiz.biz\/wp-content\/uploads\/2024\/05\/emg-black.png?fit=818%2C379&ssl=1\",\"width\":818,\"height\":379,\"caption\":\"Eventiz\"},\"image\":{\"@id\":\"https:\/\/www.eventiz.biz\/#\/schema\/logo\/image\/\"},\"sameAs\":[\"https:\/\/www.facebook.com\/Eventizmediagroup\/\",\"https:\/\/x.com\/Eventiz_travel\",\"https:\/\/www.linkedin.com\/company\/eventiz\/\"]}]}<\/script>\n<!-- \/ Yoast SEO plugin. -->","yoast_head_json":{"title":"TOM.travel | Eventiz","robots":{"index":"index","follow":"follow","max-snippet":"max-snippet:-1","max-image-preview":"max-image-preview:large","max-video-preview":"max-video-preview:-1"},"canonical":"https:\/\/www.eventiz.biz\/en\/medias\/tom-travel\/","og_locale":"en_GB","og_type":"article","og_title":"TOM.travel | Eventiz","og_description":"Le m\u00e9dia qui explore les tendances dans le voyage depuis 2013 Fort d\u2019un r\u00e9seau d\u2019experts reconnus et d\u2019une r\u00e9daction compos\u00e9e de journalistes sp\u00e9cialis\u00e9s en technologie,\u00a0TOM.travel\u00a0aide les acteurs du Tourisme, de la Culture, du Transport et du Voyage d\u2019Affaires \u00e0 comprendre les enjeux actuels et futurs li\u00e9s au num\u00e9rique. La r\u00e9daction d\u00e9crypte les tendances pour comprendre [&hellip;]","og_url":"https:\/\/www.eventiz.biz\/en\/medias\/tom-travel\/","og_site_name":"Eventiz","article_publisher":"https:\/\/www.facebook.com\/Eventizmediagroup\/","article_modified_time":"2025-12-30T13:18:46+00:00","og_image":[{"url":"https:\/\/www.eventiz.biz\/wp-content\/uploads\/2025\/12\/SIte-Eventiz-devices.png","type":"","width":"","height":""}],"twitter_card":"summary_large_image","twitter_site":"@Eventiz_travel","twitter_misc":{"Estimated reading time":"1 minute"},"schema":{"@context":"https:\/\/schema.org","@graph":[{"@type":"WebPage","@id":"https:\/\/www.eventiz.biz\/medias\/tom-travel","url":"https:\/\/www.eventiz.biz\/medias\/tom-travel","name":"TOM.travel | Eventiz","isPartOf":{"@id":"https:\/\/www.eventiz.biz\/#website"},"primaryImageOfPage":{"@id":"https:\/\/www.eventiz.biz\/medias\/tom-travel#primaryimage"},"image":{"@id":"https:\/\/www.eventiz.biz\/medias\/tom-travel#primaryimage"},"thumbnailUrl":"https:\/\/www.eventiz.biz\/wp-content\/uploads\/2025\/12\/SIte-Eventiz-devices.png","datePublished":"2022-03-08T14:52:28+00:00","dateModified":"2025-12-30T13:18:46+00:00","breadcrumb":{"@id":"https:\/\/www.eventiz.biz\/medias\/tom-travel#breadcrumb"},"inLanguage":"en-GB","potentialAction":[{"@type":"ReadAction","target":["https:\/\/www.eventiz.biz\/medias\/tom-travel"]}]},{"@type":"ImageObject","inLanguage":"en-GB","@id":"https:\/\/www.eventiz.biz\/medias\/tom-travel#primaryimage","url":"https:\/\/www.eventiz.biz\/wp-content\/uploads\/2025\/12\/SIte-Eventiz-devices.png","contentUrl":"https:\/\/www.eventiz.biz\/wp-content\/uploads\/2025\/12\/SIte-Eventiz-devices.png"},{"@type":"BreadcrumbList","@id":"https:\/\/www.eventiz.biz\/medias\/tom-travel#breadcrumb","itemListElement":[{"@type":"ListItem","position":1,"name":"Accueil","item":"https:\/\/www.eventiz.biz\/"},{"@type":"ListItem","position":2,"name":"M\u00e9dias","item":"https:\/\/www.eventiz.biz\/medias"},{"@type":"ListItem","position":3,"name":"TOM.travel"}]},{"@type":"WebSite","@id":"https:\/\/www.eventiz.biz\/#website","url":"https:\/\/www.eventiz.biz\/","name":"Eventiz","description":"Groupe m\u00e9dia sp\u00e9cialis\u00e9 dans l&#039;industrie du Tourisme","publisher":{"@id":"https:\/\/www.eventiz.biz\/#organization"},"potentialAction":[{"@type":"SearchAction","target":{"@type":"EntryPoint","urlTemplate":"https:\/\/www.eventiz.biz\/?s={search_term_string}"},"query-input":{"@type":"PropertyValueSpecification","valueRequired":true,"valueName":"search_term_string"}}],"inLanguage":"en-GB"},{"@type":"Organization","@id":"https:\/\/www.eventiz.biz\/#organization","name":"Eventiz","url":"https:\/\/www.eventiz.biz\/","logo":{"@type":"ImageObject","inLanguage":"en-GB","@id":"https:\/\/www.eventiz.biz\/#\/schema\/logo\/image\/","url":"https:\/\/i0.wp.com\/www.eventiz.biz\/wp-content\/uploads\/2024\/05\/emg-black.png?fit=818%2C379&ssl=1","contentUrl":"https:\/\/i0.wp.com\/www.eventiz.biz\/wp-content\/uploads\/2024\/05\/emg-black.png?fit=818%2C379&ssl=1","width":818,"height":379,"caption":"Eventiz"},"image":{"@id":"https:\/\/www.eventiz.biz\/#\/schema\/logo\/image\/"},"sameAs":["https:\/\/www.facebook.com\/Eventizmediagroup\/","https:\/\/x.com\/Eventiz_travel","https:\/\/www.linkedin.com\/company\/eventiz\/"]}]}},"_links":{"self":[{"href":"https:\/\/www.eventiz.biz\/en\/wp-json\/wp\/v2\/pages\/5555","targetHints":{"allow":["GET"]}}],"collection":[{"href":"https:\/\/www.eventiz.biz\/en\/wp-json\/wp\/v2\/pages"}],"about":[{"href":"https:\/\/www.eventiz.biz\/en\/wp-json\/wp\/v2\/types\/page"}],"author":[{"embeddable":true,"href":"https:\/\/www.eventiz.biz\/en\/wp-json\/wp\/v2\/users\/2"}],"replies":[{"embeddable":true,"href":"https:\/\/www.eventiz.biz\/en\/wp-json\/wp\/v2\/comments?post=5555"}],"version-history":[{"count":87,"href":"https:\/\/www.eventiz.biz\/en\/wp-json\/wp\/v2\/pages\/5555\/revisions"}],"predecessor-version":[{"id":13363,"href":"https:\/\/www.eventiz.biz\/en\/wp-json\/wp\/v2\/pages\/5555\/revisions\/13363"}],"up":[{"embeddable":true,"href":"https:\/\/www.eventiz.biz\/en\/wp-json\/wp\/v2\/pages\/5593"}],"wp:attachment":[{"href":"https:\/\/www.eventiz.biz\/en\/wp-json\/wp\/v2\/media?parent=5555"}],"curies":[{"name":"wp","href":"https:\/\/api.w.org\/{rel}","templated":true}]}}