{"id":11838,"date":"2025-04-18T14:39:11","date_gmt":"2025-04-18T12:39:11","guid":{"rendered":"https:\/\/www.eventiz.biz\/?page_id=11838"},"modified":"2025-04-18T15:53:43","modified_gmt":"2025-04-18T13:53:43","slug":"abonnement-newsletter","status":"publish","type":"page","link":"https:\/\/www.eventiz.biz\/en\/abonnement-newsletter","title":{"rendered":"Abonnement \u00e0 la newsletter d&rsquo;Eventiz"},"content":{"rendered":"<div data-elementor-type=\"wp-page\" data-elementor-id=\"11838\" class=\"elementor elementor-11838\">\n\t\t\t\t\t\t<section class=\"elementor-section elementor-top-section elementor-element elementor-element-a6af6d7 elementor-section-height-min-height elementor-section-items-top elementor-section-boxed elementor-section-height-default qodef-elementor-content-no\" data-id=\"a6af6d7\" data-element_type=\"section\">\n\t\t\t\t\t\t<div class=\"elementor-container elementor-column-gap-wide\">\n\t\t\t\t\t<div class=\"elementor-column elementor-col-66 elementor-top-column elementor-element elementor-element-8bf57d5\" data-id=\"8bf57d5\" data-element_type=\"column\">\n\t\t\t<div class=\"elementor-widget-wrap elementor-element-populated\">\n\t\t\t\t\t\t<div class=\"elementor-element elementor-element-6d92b41 elementor-widget elementor-widget-html\" data-id=\"6d92b41\" data-element_type=\"widget\" data-widget_type=\"html.default\">\n\t\t\t\t<div class=\"elementor-widget-container\">\n\t\t\t\t\t<script src=\"https:\/\/f.info.eventiz.fr\/f\/assets\/scripts\/form.js\" form=\"https:\/\/f.info.eventiz.fr\/f\/p\/i\/?q=kg08cV37Q0N3jPD74oOlX-WZxPll_sbetn_XdNrX1RRYnDLYN2ZVriIrUYw8ZHQNeHyIb8CwDvafcGiXhvKjia1FJm9wPGZT0JP2HCAD8sc5Pz906tWYiyf2IF-asql_AuyV36TNYXEsw5fFpT4bzLIxy0aFU-4prLBgHnMQt2o8_dHoJE_ACdigZi5cepIrd6cz_ZqJYFRCjEW3dl1swVkjGUYzr_5OAmFMEuP_SQg1Iq05YOdUviiSi1xqAtiL\" type=\"text\/javascript\"><\/script>\t\t\t\t<\/div>\n\t\t\t\t<\/div>\n\t\t\t\t\t<\/div>\n\t\t<\/div>\n\t\t\t\t<div class=\"elementor-column elementor-col-33 elementor-top-column elementor-element elementor-element-aad5f37\" data-id=\"aad5f37\" data-element_type=\"column\" data-settings=\"{&quot;background_background&quot;:&quot;classic&quot;}\">\n\t\t\t<div class=\"elementor-widget-wrap elementor-element-populated\">\n\t\t\t\t\t\t<div class=\"elementor-element elementor-element-3fb6eb3 elementor-widget elementor-widget-heading\" data-id=\"3fb6eb3\" data-element_type=\"widget\" data-widget_type=\"heading.default\">\n\t\t\t\t<div class=\"elementor-widget-container\">\n\t\t\t\t\t<h3 class=\"elementor-heading-title elementor-size-default\">Nos engagements<\/h3>\t\t\t\t<\/div>\n\t\t\t\t<\/div>\n\t\t\t\t<div class=\"elementor-element elementor-element-e7bfe1f elementor-align-start elementor-icon-list--layout-traditional elementor-list-item-link-full_width elementor-widget elementor-widget-icon-list\" data-id=\"e7bfe1f\" data-element_type=\"widget\" data-widget_type=\"icon-list.default\">\n\t\t\t\t<div class=\"elementor-widget-container\">\n\t\t\t\t\t\t\t<ul class=\"elementor-icon-list-items\">\n\t\t\t\t\t\t\t<li class=\"elementor-icon-list-item\">\n\t\t\t\t\t\t\t\t\t\t\t<span class=\"elementor-icon-list-icon\">\n\t\t\t\t\t\t\t<i aria-hidden=\"true\" class=\"fas fa-check\"><\/i>\t\t\t\t\t\t<\/span>\n\t\t\t\t\t\t\t\t\t\t<span class=\"elementor-icon-list-text\">Recevez uniquement les communications li\u00e9es aux \u00e9v\u00e9nements et m\u00e9dias d'Eventiz<\/span>\n\t\t\t\t\t\t\t\t\t<\/li>\n\t\t\t\t\t\t\t\t<li class=\"elementor-icon-list-item\">\n\t\t\t\t\t\t\t\t\t\t\t<span class=\"elementor-icon-list-icon\">\n\t\t\t\t\t\t\t<i aria-hidden=\"true\" class=\"fas fa-check\"><\/i>\t\t\t\t\t\t<\/span>\n\t\t\t\t\t\t\t\t\t\t<span class=\"elementor-icon-list-text\">D\u00e9sabonnez-vous en un clic \u00e0 tout moment<\/span>\n\t\t\t\t\t\t\t\t\t<\/li>\n\t\t\t\t\t\t\t\t<li class=\"elementor-icon-list-item\">\n\t\t\t\t\t\t\t\t\t\t\t<span class=\"elementor-icon-list-icon\">\n\t\t\t\t\t\t\t<i aria-hidden=\"true\" class=\"fas fa-check\"><\/i>\t\t\t\t\t\t<\/span>\n\t\t\t\t\t\t\t\t\t\t<span class=\"elementor-icon-list-text\">Gardez le contr\u00f4le sur vos donn\u00e9es<\/span>\n\t\t\t\t\t\t\t\t\t<\/li>\n\t\t\t\t\t\t<\/ul>\n\t\t\t\t\t\t<\/div>\n\t\t\t\t<\/div>\n\t\t\t\t\t<\/div>\n\t\t<\/div>\n\t\t\t\t\t<\/div>\n\t\t<\/section>\n\t\t\t\t<\/div>","protected":false},"excerpt":{"rendered":"<p>Nos engagements Recevez uniquement les communications li\u00e9es aux \u00e9v\u00e9nements et m\u00e9dias d&rsquo;Eventiz D\u00e9sabonnez-vous en un clic \u00e0 tout moment Gardez le contr\u00f4le sur vos donn\u00e9es<\/p>","protected":false},"author":2,"featured_media":0,"parent":0,"menu_order":0,"comment_status":"closed","ping_status":"closed","template":"","meta":{"footnotes":""},"class_list":["post-11838","page","type-page","status-publish","hentry"],"yoast_head":"<!-- This site is optimized with the Yoast SEO plugin v26.7 - https:\/\/yoast.com\/wordpress\/plugins\/seo\/ -->\n<title>Abonnement \u00e0 la newsletter d&#039;Eventiz | Eventiz<\/title>\n<meta name=\"robots\" content=\"index, follow, max-snippet:-1, max-image-preview:large, max-video-preview:-1\" \/>\n<link rel=\"canonical\" href=\"https:\/\/www.eventiz.biz\/en\/abonnement-newsletter\/\" \/>\n<meta property=\"og:locale\" content=\"en_GB\" \/>\n<meta property=\"og:type\" content=\"article\" \/>\n<meta property=\"og:title\" content=\"Abonnement \u00e0 la newsletter d&#039;Eventiz | Eventiz\" \/>\n<meta property=\"og:description\" content=\"Nos engagements Recevez uniquement les communications li\u00e9es aux \u00e9v\u00e9nements et m\u00e9dias d&rsquo;Eventiz D\u00e9sabonnez-vous en un clic \u00e0 tout moment Gardez le contr\u00f4le sur vos donn\u00e9es\" \/>\n<meta property=\"og:url\" content=\"https:\/\/www.eventiz.biz\/en\/abonnement-newsletter\/\" \/>\n<meta property=\"og:site_name\" content=\"Eventiz\" \/>\n<meta property=\"article:publisher\" content=\"https:\/\/www.facebook.com\/Eventizmediagroup\/\" \/>\n<meta property=\"article:modified_time\" content=\"2025-04-18T13:53:43+00:00\" \/>\n<meta property=\"og:image\" content=\"https:\/\/www.eventiz.biz\/wp-content\/uploads\/2024\/10\/emg-ogimage.png\" \/>\n\t<meta property=\"og:image:width\" content=\"1200\" \/>\n\t<meta property=\"og:image:height\" content=\"630\" \/>\n\t<meta property=\"og:image:type\" content=\"image\/png\" \/>\n<meta name=\"twitter:card\" content=\"summary_large_image\" \/>\n<meta name=\"twitter:site\" content=\"@Eventiz_travel\" \/>\n<meta name=\"twitter:label1\" content=\"Estimated reading time\" \/>\n\t<meta name=\"twitter:data1\" content=\"1 minute\" \/>\n<script type=\"application\/ld+json\" class=\"yoast-schema-graph\">{\"@context\":\"https:\/\/schema.org\",\"@graph\":[{\"@type\":\"WebPage\",\"@id\":\"https:\/\/www.eventiz.biz\/abonnement-newsletter\",\"url\":\"https:\/\/www.eventiz.biz\/abonnement-newsletter\",\"name\":\"Abonnement \u00e0 la newsletter d'Eventiz | Eventiz\",\"isPartOf\":{\"@id\":\"https:\/\/www.eventiz.biz\/#website\"},\"datePublished\":\"2025-04-18T12:39:11+00:00\",\"dateModified\":\"2025-04-18T13:53:43+00:00\",\"breadcrumb\":{\"@id\":\"https:\/\/www.eventiz.biz\/abonnement-newsletter#breadcrumb\"},\"inLanguage\":\"en-GB\",\"potentialAction\":[{\"@type\":\"ReadAction\",\"target\":[\"https:\/\/www.eventiz.biz\/abonnement-newsletter\"]}]},{\"@type\":\"BreadcrumbList\",\"@id\":\"https:\/\/www.eventiz.biz\/abonnement-newsletter#breadcrumb\",\"itemListElement\":[{\"@type\":\"ListItem\",\"position\":1,\"name\":\"Accueil\",\"item\":\"https:\/\/www.eventiz.biz\/\"},{\"@type\":\"ListItem\",\"position\":2,\"name\":\"Abonnement \u00e0 la newsletter d&rsquo;Eventiz\"}]},{\"@type\":\"WebSite\",\"@id\":\"https:\/\/www.eventiz.biz\/#website\",\"url\":\"https:\/\/www.eventiz.biz\/\",\"name\":\"Eventiz\",\"description\":\"Groupe m\u00e9dia sp\u00e9cialis\u00e9 dans l&#039;industrie du Tourisme\",\"publisher\":{\"@id\":\"https:\/\/www.eventiz.biz\/#organization\"},\"potentialAction\":[{\"@type\":\"SearchAction\",\"target\":{\"@type\":\"EntryPoint\",\"urlTemplate\":\"https:\/\/www.eventiz.biz\/?s={search_term_string}\"},\"query-input\":{\"@type\":\"PropertyValueSpecification\",\"valueRequired\":true,\"valueName\":\"search_term_string\"}}],\"inLanguage\":\"en-GB\"},{\"@type\":\"Organization\",\"@id\":\"https:\/\/www.eventiz.biz\/#organization\",\"name\":\"Eventiz\",\"url\":\"https:\/\/www.eventiz.biz\/\",\"logo\":{\"@type\":\"ImageObject\",\"inLanguage\":\"en-GB\",\"@id\":\"https:\/\/www.eventiz.biz\/#\/schema\/logo\/image\/\",\"url\":\"https:\/\/i0.wp.com\/www.eventiz.biz\/wp-content\/uploads\/2024\/05\/emg-black.png?fit=818%2C379&ssl=1\",\"contentUrl\":\"https:\/\/i0.wp.com\/www.eventiz.biz\/wp-content\/uploads\/2024\/05\/emg-black.png?fit=818%2C379&ssl=1\",\"width\":818,\"height\":379,\"caption\":\"Eventiz\"},\"image\":{\"@id\":\"https:\/\/www.eventiz.biz\/#\/schema\/logo\/image\/\"},\"sameAs\":[\"https:\/\/www.facebook.com\/Eventizmediagroup\/\",\"https:\/\/x.com\/Eventiz_travel\",\"https:\/\/www.linkedin.com\/company\/eventiz\/\"]}]}<\/script>\n<!-- \/ Yoast SEO plugin. -->","yoast_head_json":{"title":"Abonnement \u00e0 la newsletter d'Eventiz | Eventiz","robots":{"index":"index","follow":"follow","max-snippet":"max-snippet:-1","max-image-preview":"max-image-preview:large","max-video-preview":"max-video-preview:-1"},"canonical":"https:\/\/www.eventiz.biz\/en\/abonnement-newsletter\/","og_locale":"en_GB","og_type":"article","og_title":"Abonnement \u00e0 la newsletter d'Eventiz | Eventiz","og_description":"Nos engagements Recevez uniquement les communications li\u00e9es aux \u00e9v\u00e9nements et m\u00e9dias d&rsquo;Eventiz D\u00e9sabonnez-vous en un clic \u00e0 tout moment Gardez le contr\u00f4le sur vos donn\u00e9es","og_url":"https:\/\/www.eventiz.biz\/en\/abonnement-newsletter\/","og_site_name":"Eventiz","article_publisher":"https:\/\/www.facebook.com\/Eventizmediagroup\/","article_modified_time":"2025-04-18T13:53:43+00:00","og_image":[{"width":1200,"height":630,"url":"https:\/\/www.eventiz.biz\/wp-content\/uploads\/2024\/10\/emg-ogimage.png","type":"image\/png"}],"twitter_card":"summary_large_image","twitter_site":"@Eventiz_travel","twitter_misc":{"Estimated reading time":"1 minute"},"schema":{"@context":"https:\/\/schema.org","@graph":[{"@type":"WebPage","@id":"https:\/\/www.eventiz.biz\/abonnement-newsletter","url":"https:\/\/www.eventiz.biz\/abonnement-newsletter","name":"Abonnement \u00e0 la newsletter d'Eventiz | Eventiz","isPartOf":{"@id":"https:\/\/www.eventiz.biz\/#website"},"datePublished":"2025-04-18T12:39:11+00:00","dateModified":"2025-04-18T13:53:43+00:00","breadcrumb":{"@id":"https:\/\/www.eventiz.biz\/abonnement-newsletter#breadcrumb"},"inLanguage":"en-GB","potentialAction":[{"@type":"ReadAction","target":["https:\/\/www.eventiz.biz\/abonnement-newsletter"]}]},{"@type":"BreadcrumbList","@id":"https:\/\/www.eventiz.biz\/abonnement-newsletter#breadcrumb","itemListElement":[{"@type":"ListItem","position":1,"name":"Accueil","item":"https:\/\/www.eventiz.biz\/"},{"@type":"ListItem","position":2,"name":"Abonnement \u00e0 la newsletter d&rsquo;Eventiz"}]},{"@type":"WebSite","@id":"https:\/\/www.eventiz.biz\/#website","url":"https:\/\/www.eventiz.biz\/","name":"Eventiz","description":"Groupe m\u00e9dia sp\u00e9cialis\u00e9 dans l&#039;industrie du Tourisme","publisher":{"@id":"https:\/\/www.eventiz.biz\/#organization"},"potentialAction":[{"@type":"SearchAction","target":{"@type":"EntryPoint","urlTemplate":"https:\/\/www.eventiz.biz\/?s={search_term_string}"},"query-input":{"@type":"PropertyValueSpecification","valueRequired":true,"valueName":"search_term_string"}}],"inLanguage":"en-GB"},{"@type":"Organization","@id":"https:\/\/www.eventiz.biz\/#organization","name":"Eventiz","url":"https:\/\/www.eventiz.biz\/","logo":{"@type":"ImageObject","inLanguage":"en-GB","@id":"https:\/\/www.eventiz.biz\/#\/schema\/logo\/image\/","url":"https:\/\/i0.wp.com\/www.eventiz.biz\/wp-content\/uploads\/2024\/05\/emg-black.png?fit=818%2C379&ssl=1","contentUrl":"https:\/\/i0.wp.com\/www.eventiz.biz\/wp-content\/uploads\/2024\/05\/emg-black.png?fit=818%2C379&ssl=1","width":818,"height":379,"caption":"Eventiz"},"image":{"@id":"https:\/\/www.eventiz.biz\/#\/schema\/logo\/image\/"},"sameAs":["https:\/\/www.facebook.com\/Eventizmediagroup\/","https:\/\/x.com\/Eventiz_travel","https:\/\/www.linkedin.com\/company\/eventiz\/"]}]}},"_links":{"self":[{"href":"https:\/\/www.eventiz.biz\/en\/wp-json\/wp\/v2\/pages\/11838","targetHints":{"allow":["GET"]}}],"collection":[{"href":"https:\/\/www.eventiz.biz\/en\/wp-json\/wp\/v2\/pages"}],"about":[{"href":"https:\/\/www.eventiz.biz\/en\/wp-json\/wp\/v2\/types\/page"}],"author":[{"embeddable":true,"href":"https:\/\/www.eventiz.biz\/en\/wp-json\/wp\/v2\/users\/2"}],"replies":[{"embeddable":true,"href":"https:\/\/www.eventiz.biz\/en\/wp-json\/wp\/v2\/comments?post=11838"}],"version-history":[{"count":28,"href":"https:\/\/www.eventiz.biz\/en\/wp-json\/wp\/v2\/pages\/11838\/revisions"}],"predecessor-version":[{"id":11866,"href":"https:\/\/www.eventiz.biz\/en\/wp-json\/wp\/v2\/pages\/11838\/revisions\/11866"}],"wp:attachment":[{"href":"https:\/\/www.eventiz.biz\/en\/wp-json\/wp\/v2\/media?parent=11838"}],"curies":[{"name":"wp","href":"https:\/\/api.w.org\/{rel}","templated":true}]}}