{"id":9030,"date":"2023-11-13T11:03:14","date_gmt":"2023-11-13T10:03:14","guid":{"rendered":"https:\/\/www.eventizmediagroup.com\/?page_id=9030"},"modified":"2024-08-01T10:51:59","modified_gmt":"2024-08-01T08:51:59","slug":"fast-break","status":"publish","type":"page","link":"http:\/\/www.eventiz.biz\/en\/evenements\/fast-break","title":{"rendered":"Fast Break"},"content":{"rendered":"<div data-elementor-type=\"wp-page\" data-elementor-id=\"9030\" class=\"elementor elementor-9030\">\n\t\t\t\t\t\t<section class=\"elementor-section elementor-top-section elementor-element elementor-element-725e88b elementor-section-boxed elementor-section-height-default elementor-section-height-default qodef-elementor-content-no\" data-id=\"725e88b\" data-element_type=\"section\">\n\t\t\t\t\t\t<div class=\"elementor-container elementor-column-gap-default\">\n\t\t\t\t\t<div class=\"elementor-column elementor-col-100 elementor-top-column elementor-element elementor-element-3bb99ac\" data-id=\"3bb99ac\" data-element_type=\"column\">\n\t\t\t<div class=\"elementor-widget-wrap elementor-element-populated\">\n\t\t\t\t\t\t<div class=\"elementor-element elementor-element-698d995 elementor-widget elementor-widget-qi_addons_for_elementor_section_title\" data-id=\"698d995\" data-element_type=\"widget\" data-widget_type=\"qi_addons_for_elementor_section_title.default\">\n\t\t\t\t<div class=\"elementor-widget-container\">\n\t\t\t\t\t<div class=\"qodef-shortcode qodef-m qodef-qi-section-title qodef-decoration--italic qodef-link--underline-draw qodef-subtitle-icon--left\">\n\t\t\t<h2 class=\"qodef-m-title\">\n\t\tFast Break, une prise de parole unique aupr\u00e8s de votre coeur de cible\t<\/h2>\n\t\t\t\t<h5 class=\"qodef-m-subtitle\">\n\t\tVous avez un message \u00e0 faire passer aupr\u00e8s d'une audience cibl\u00e9e ? Le Fast Break est la solution.\t\t\t<\/h5>\n\t\t\t<div class=\"qodef-m-text\"><p>Capitalisant sur son r\u00e9seau et sur sa connaissance du march\u00e9, Eventiz organise des petits-d\u00e9jeuners \"confidentiels\".<br \/>Les Fast Break rassemblent un casting de 6 \u00e0 8 personnalit\u00e9s tri\u00e9es sur le volet, en ad\u00e9quation avec vos attentes. S\u2019assurer la pr\u00e9sence de d\u00e9cideurs cibl\u00e9s, \u00e9largir son r\u00e9seau, prendre la parole devant un parterre souhait\u00e9, et gagner du temps sur la s\u00e9lection, l\u2019invitation et la conqu\u00eate de nouveaux clients, est la mission des Fast Break.<\/p><h5>En d\u00e9tails :<\/h5><ul><li>6 \u00e0 8 d\u00e9cideurs<\/li><li>Eventiz s\u2019engage \u00e0 r\u00e9unir les profils cibl\u00e9s : directeurs marketing, e-commerce, service client, DSI...<\/li><li>Un intervenant explore une probl\u00e9matique et apporte des pistes de r\u00e9flexion<\/li><li>Session de Questions\/R\u00e9ponses<\/li><li>Le comit\u00e9 r\u00e9duit favorise la prise de parole et le networking<\/li><li>L\u2019entreprise qui intervient est assur\u00e9e de se faire entendre aupr\u00e8s d\u2019une audience choisie<\/li><\/ul><\/div>\n\t<\/div>\n\t\t\t\t<\/div>\n\t\t\t\t<\/div>\n\t\t\t\t\t<\/div>\n\t\t<\/div>\n\t\t\t\t\t<\/div>\n\t\t<\/section>\n\t\t\t\t<section class=\"elementor-section elementor-top-section elementor-element elementor-element-67d4cb7 elementor-section-boxed elementor-section-height-default elementor-section-height-default qodef-elementor-content-no\" data-id=\"67d4cb7\" data-element_type=\"section\">\n\t\t\t\t\t\t<div class=\"elementor-container elementor-column-gap-no\">\n\t\t\t\t\t<div class=\"elementor-column elementor-col-20 elementor-top-column elementor-element elementor-element-9afa4c5\" data-id=\"9afa4c5\" data-element_type=\"column\">\n\t\t\t<div class=\"elementor-widget-wrap elementor-element-populated\">\n\t\t\t\t\t\t<div class=\"elementor-element elementor-element-9487fcf elementor-widget elementor-widget-qi_addons_for_elementor_section_title\" data-id=\"9487fcf\" data-element_type=\"widget\" data-widget_type=\"qi_addons_for_elementor_section_title.default\">\n\t\t\t\t<div class=\"elementor-widget-container\">\n\t\t\t\t\t<div class=\"qodef-shortcode qodef-m qodef-qi-section-title qodef-decoration--italic qodef-link--underline-draw qodef-subtitle-icon--left\">\n\t\t\t<h4 class=\"qodef-m-title\">\n\t\tMarket\t<\/h4>\n\t\t\t\t<h5 class=\"qodef-m-subtitle\">\n\t\tLeisure\t\t\t<\/h5>\n\t\t\t<\/div>\n\t\t\t\t<\/div>\n\t\t\t\t<\/div>\n\t\t\t\t\t<\/div>\n\t\t<\/div>\n\t\t\t\t<div class=\"elementor-column elementor-col-20 elementor-top-column elementor-element elementor-element-c66fa44\" data-id=\"c66fa44\" data-element_type=\"column\">\n\t\t\t<div class=\"elementor-widget-wrap elementor-element-populated\">\n\t\t\t\t\t\t<div class=\"elementor-element elementor-element-8101a7b elementor-widget elementor-widget-qi_addons_for_elementor_section_title\" data-id=\"8101a7b\" data-element_type=\"widget\" data-widget_type=\"qi_addons_for_elementor_section_title.default\">\n\t\t\t\t<div class=\"elementor-widget-container\">\n\t\t\t\t\t<div class=\"qodef-shortcode qodef-m qodef-qi-section-title qodef-decoration--italic qodef-link--underline-draw qodef-subtitle-icon--left\">\n\t\t\t<h4 class=\"qodef-m-title\">\n\t\tFormat\t<\/h4>\n\t\t\t\t<h5 class=\"qodef-m-subtitle\">\n\t\tPetit-d\u00e9jeuner\t\t\t<\/h5>\n\t\t\t<\/div>\n\t\t\t\t<\/div>\n\t\t\t\t<\/div>\n\t\t\t\t\t<\/div>\n\t\t<\/div>\n\t\t\t\t<div class=\"elementor-column elementor-col-20 elementor-top-column elementor-element elementor-element-7b7b0bc\" data-id=\"7b7b0bc\" data-element_type=\"column\">\n\t\t\t<div class=\"elementor-widget-wrap elementor-element-populated\">\n\t\t\t\t\t\t<div class=\"elementor-element elementor-element-d81b336 elementor-widget elementor-widget-qi_addons_for_elementor_section_title\" data-id=\"d81b336\" data-element_type=\"widget\" data-widget_type=\"qi_addons_for_elementor_section_title.default\">\n\t\t\t\t<div class=\"elementor-widget-container\">\n\t\t\t\t\t<div class=\"qodef-shortcode qodef-m qodef-qi-section-title qodef-decoration--italic qodef-link--underline-draw qodef-subtitle-icon--left\">\n\t\t\t<h4 class=\"qodef-m-title\">\n\t\tAudience\t<\/h4>\n\t\t\t\t<h5 class=\"qodef-m-subtitle\">\n\t\t6 \u00e0 8 d\u00e9cideurs\t\t\t<\/h5>\n\t\t\t<\/div>\n\t\t\t\t<\/div>\n\t\t\t\t<\/div>\n\t\t\t\t\t<\/div>\n\t\t<\/div>\n\t\t\t\t<div class=\"elementor-column elementor-col-20 elementor-top-column elementor-element elementor-element-24f893c\" data-id=\"24f893c\" data-element_type=\"column\">\n\t\t\t<div class=\"elementor-widget-wrap elementor-element-populated\">\n\t\t\t\t\t\t<div class=\"elementor-element elementor-element-d607c35 elementor-widget elementor-widget-qi_addons_for_elementor_section_title\" data-id=\"d607c35\" data-element_type=\"widget\" data-widget_type=\"qi_addons_for_elementor_section_title.default\">\n\t\t\t\t<div class=\"elementor-widget-container\">\n\t\t\t\t\t<div class=\"qodef-shortcode qodef-m qodef-qi-section-title qodef-decoration--italic qodef-link--underline-draw qodef-subtitle-icon--left\">\n\t\t\t<h4 class=\"qodef-m-title\">\n\t\tLocation\t<\/h4>\n\t\t\t\t<h5 class=\"qodef-m-subtitle\">\n\t\tParis\t\t\t<\/h5>\n\t\t\t<\/div>\n\t\t\t\t<\/div>\n\t\t\t\t<\/div>\n\t\t\t\t\t<\/div>\n\t\t<\/div>\n\t\t\t\t<div class=\"elementor-column elementor-col-20 elementor-top-column elementor-element elementor-element-bbc2726\" data-id=\"bbc2726\" data-element_type=\"column\">\n\t\t\t<div class=\"elementor-widget-wrap elementor-element-populated\">\n\t\t\t\t\t\t<div class=\"elementor-element elementor-element-ac6e0a3 elementor-widget elementor-widget-qi_addons_for_elementor_section_title\" data-id=\"ac6e0a3\" data-element_type=\"widget\" data-widget_type=\"qi_addons_for_elementor_section_title.default\">\n\t\t\t\t<div class=\"elementor-widget-container\">\n\t\t\t\t\t<div class=\"qodef-shortcode qodef-m qodef-qi-section-title qodef-decoration--italic qodef-link--underline-draw qodef-subtitle-icon--left\">\n\t\t\t<h4 class=\"qodef-m-title\">\n\t\tCreation\t<\/h4>\n\t\t\t\t<h5 class=\"qodef-m-subtitle\">\n\t\t2013\t\t\t<\/h5>\n\t\t\t<\/div>\n\t\t\t\t<\/div>\n\t\t\t\t<\/div>\n\t\t\t\t\t<\/div>\n\t\t<\/div>\n\t\t\t\t\t<\/div>\n\t\t<\/section>\n\t\t\t\t<section class=\"elementor-section elementor-top-section elementor-element elementor-element-3d6739f elementor-section-boxed elementor-section-height-default elementor-section-height-default qodef-elementor-content-no\" data-id=\"3d6739f\" data-element_type=\"section\">\n\t\t\t\t\t\t<div class=\"elementor-container elementor-column-gap-default\">\n\t\t\t\t\t<div class=\"elementor-column elementor-col-20 elementor-top-column elementor-element elementor-element-320512c\" data-id=\"320512c\" data-element_type=\"column\">\n\t\t\t<div class=\"elementor-widget-wrap\">\n\t\t\t\t\t\t\t<\/div>\n\t\t<\/div>\n\t\t\t\t<div class=\"elementor-column elementor-col-20 elementor-top-column elementor-element elementor-element-b272ce8\" data-id=\"b272ce8\" data-element_type=\"column\">\n\t\t\t<div class=\"elementor-widget-wrap\">\n\t\t\t\t\t\t\t<\/div>\n\t\t<\/div>\n\t\t\t\t<div class=\"elementor-column elementor-col-20 elementor-top-column elementor-element elementor-element-ec322af\" data-id=\"ec322af\" data-element_type=\"column\">\n\t\t\t<div class=\"elementor-widget-wrap elementor-element-populated\">\n\t\t\t\t\t\t<div class=\"elementor-element elementor-element-3fa08aa elementor-widget elementor-widget-lekker_core_button\" data-id=\"3fa08aa\" data-element_type=\"widget\" data-widget_type=\"lekker_core_button.default\">\n\t\t\t\t<div class=\"elementor-widget-container\">\n\t\t\t\t\t<a class=\"qodef-shortcode qodef-m  qodef-button qodef-layout--filled  qodef-html--link\" href=\"https:\/\/www.eventizmediagroup.com\/nous-contacter\" target=\"_self\"  >\n\t<span class=\"qodef-m-text\">I'm interested !<\/span>\n<\/a>\t\t\t\t<\/div>\n\t\t\t\t<\/div>\n\t\t\t\t\t<\/div>\n\t\t<\/div>\n\t\t\t\t<div class=\"elementor-column elementor-col-20 elementor-top-column elementor-element elementor-element-115c572\" data-id=\"115c572\" data-element_type=\"column\">\n\t\t\t<div class=\"elementor-widget-wrap\">\n\t\t\t\t\t\t\t<\/div>\n\t\t<\/div>\n\t\t\t\t<div class=\"elementor-column elementor-col-20 elementor-top-column elementor-element elementor-element-aebbfb8\" data-id=\"aebbfb8\" data-element_type=\"column\">\n\t\t\t<div class=\"elementor-widget-wrap\">\n\t\t\t\t\t\t\t<\/div>\n\t\t<\/div>\n\t\t\t\t\t<\/div>\n\t\t<\/section>\n\t\t\t\t<\/div>","protected":false},"excerpt":{"rendered":"<p>Fast Break, une prise de parole unique aupr\u00e8s de votre coeur de cible Vous avez un message \u00e0 faire passer aupr\u00e8s d&rsquo;une audience cibl\u00e9e ? Le Fast Break est la solution. Capitalisant sur son r\u00e9seau et sur sa connaissance du march\u00e9, Eventiz organise des petits-d\u00e9jeuners \u00ab\u00a0confidentiels\u00a0\u00bb.Les Fast Break rassemblent un casting de 6 \u00e0 8 [&hellip;]<\/p>","protected":false},"author":2,"featured_media":0,"parent":6326,"menu_order":0,"comment_status":"closed","ping_status":"closed","template":"","meta":{"footnotes":""},"class_list":["post-9030","page","type-page","status-publish","hentry"],"yoast_head":"<!-- This site is optimized with the Yoast SEO plugin v26.7 - https:\/\/yoast.com\/wordpress\/plugins\/seo\/ -->\n<title>Fast Break | Eventiz<\/title>\n<meta name=\"robots\" content=\"index, follow, max-snippet:-1, max-image-preview:large, max-video-preview:-1\" \/>\n<link rel=\"canonical\" href=\"https:\/\/www.eventiz.biz\/en\/evenements\/fast-break\/\" \/>\n<meta property=\"og:locale\" content=\"en_GB\" \/>\n<meta property=\"og:type\" content=\"article\" \/>\n<meta property=\"og:title\" content=\"Fast Break | Eventiz\" \/>\n<meta property=\"og:description\" content=\"Fast Break, une prise de parole unique aupr\u00e8s de votre coeur de cible Vous avez un message \u00e0 faire passer aupr\u00e8s d&rsquo;une audience cibl\u00e9e ? Le Fast Break est la solution. Capitalisant sur son r\u00e9seau et sur sa connaissance du march\u00e9, Eventiz organise des petits-d\u00e9jeuners \u00ab\u00a0confidentiels\u00a0\u00bb.Les Fast Break rassemblent un casting de 6 \u00e0 8 [&hellip;]\" \/>\n<meta property=\"og:url\" content=\"https:\/\/www.eventiz.biz\/en\/evenements\/fast-break\/\" \/>\n<meta property=\"og:site_name\" content=\"Eventiz\" \/>\n<meta property=\"article:publisher\" content=\"https:\/\/www.facebook.com\/Eventizmediagroup\/\" \/>\n<meta property=\"article:modified_time\" content=\"2024-08-01T08:51:59+00:00\" \/>\n<meta property=\"og:image\" content=\"https:\/\/www.eventiz.biz\/wp-content\/uploads\/2024\/10\/emg-ogimage.png\" \/>\n\t<meta property=\"og:image:width\" content=\"1200\" \/>\n\t<meta property=\"og:image:height\" content=\"630\" \/>\n\t<meta property=\"og:image:type\" content=\"image\/png\" \/>\n<meta name=\"twitter:card\" content=\"summary_large_image\" \/>\n<meta name=\"twitter:site\" content=\"@Eventiz_travel\" \/>\n<meta name=\"twitter:label1\" content=\"Estimated reading time\" \/>\n\t<meta name=\"twitter:data1\" content=\"1 minute\" \/>\n<script type=\"application\/ld+json\" class=\"yoast-schema-graph\">{\"@context\":\"https:\/\/schema.org\",\"@graph\":[{\"@type\":\"WebPage\",\"@id\":\"https:\/\/www.eventiz.biz\/evenements\/fast-break\",\"url\":\"https:\/\/www.eventiz.biz\/evenements\/fast-break\",\"name\":\"Fast Break | Eventiz\",\"isPartOf\":{\"@id\":\"https:\/\/www.eventiz.biz\/#website\"},\"datePublished\":\"2023-11-13T10:03:14+00:00\",\"dateModified\":\"2024-08-01T08:51:59+00:00\",\"breadcrumb\":{\"@id\":\"https:\/\/www.eventiz.biz\/evenements\/fast-break#breadcrumb\"},\"inLanguage\":\"en-GB\",\"potentialAction\":[{\"@type\":\"ReadAction\",\"target\":[\"https:\/\/www.eventiz.biz\/evenements\/fast-break\"]}]},{\"@type\":\"BreadcrumbList\",\"@id\":\"https:\/\/www.eventiz.biz\/evenements\/fast-break#breadcrumb\",\"itemListElement\":[{\"@type\":\"ListItem\",\"position\":1,\"name\":\"Accueil\",\"item\":\"https:\/\/www.eventiz.biz\/\"},{\"@type\":\"ListItem\",\"position\":2,\"name\":\"\u00c9v\u00e8nements\",\"item\":\"https:\/\/www.eventiz.biz\/evenements\"},{\"@type\":\"ListItem\",\"position\":3,\"name\":\"Fast Break\"}]},{\"@type\":\"WebSite\",\"@id\":\"https:\/\/www.eventiz.biz\/#website\",\"url\":\"https:\/\/www.eventiz.biz\/\",\"name\":\"Eventiz\",\"description\":\"Groupe m\u00e9dia sp\u00e9cialis\u00e9 dans l&#039;industrie du Tourisme\",\"publisher\":{\"@id\":\"https:\/\/www.eventiz.biz\/#organization\"},\"potentialAction\":[{\"@type\":\"SearchAction\",\"target\":{\"@type\":\"EntryPoint\",\"urlTemplate\":\"https:\/\/www.eventiz.biz\/?s={search_term_string}\"},\"query-input\":{\"@type\":\"PropertyValueSpecification\",\"valueRequired\":true,\"valueName\":\"search_term_string\"}}],\"inLanguage\":\"en-GB\"},{\"@type\":\"Organization\",\"@id\":\"https:\/\/www.eventiz.biz\/#organization\",\"name\":\"Eventiz\",\"url\":\"https:\/\/www.eventiz.biz\/\",\"logo\":{\"@type\":\"ImageObject\",\"inLanguage\":\"en-GB\",\"@id\":\"https:\/\/www.eventiz.biz\/#\/schema\/logo\/image\/\",\"url\":\"https:\/\/i0.wp.com\/www.eventiz.biz\/wp-content\/uploads\/2024\/05\/emg-black.png?fit=818%2C379&ssl=1\",\"contentUrl\":\"https:\/\/i0.wp.com\/www.eventiz.biz\/wp-content\/uploads\/2024\/05\/emg-black.png?fit=818%2C379&ssl=1\",\"width\":818,\"height\":379,\"caption\":\"Eventiz\"},\"image\":{\"@id\":\"https:\/\/www.eventiz.biz\/#\/schema\/logo\/image\/\"},\"sameAs\":[\"https:\/\/www.facebook.com\/Eventizmediagroup\/\",\"https:\/\/x.com\/Eventiz_travel\",\"https:\/\/www.linkedin.com\/company\/eventiz\/\"]}]}<\/script>\n<!-- \/ Yoast SEO plugin. -->","yoast_head_json":{"title":"Fast Break | Eventiz","robots":{"index":"index","follow":"follow","max-snippet":"max-snippet:-1","max-image-preview":"max-image-preview:large","max-video-preview":"max-video-preview:-1"},"canonical":"https:\/\/www.eventiz.biz\/en\/evenements\/fast-break\/","og_locale":"en_GB","og_type":"article","og_title":"Fast Break | Eventiz","og_description":"Fast Break, une prise de parole unique aupr\u00e8s de votre coeur de cible Vous avez un message \u00e0 faire passer aupr\u00e8s d&rsquo;une audience cibl\u00e9e ? Le Fast Break est la solution. Capitalisant sur son r\u00e9seau et sur sa connaissance du march\u00e9, Eventiz organise des petits-d\u00e9jeuners \u00ab\u00a0confidentiels\u00a0\u00bb.Les Fast Break rassemblent un casting de 6 \u00e0 8 [&hellip;]","og_url":"https:\/\/www.eventiz.biz\/en\/evenements\/fast-break\/","og_site_name":"Eventiz","article_publisher":"https:\/\/www.facebook.com\/Eventizmediagroup\/","article_modified_time":"2024-08-01T08:51:59+00:00","og_image":[{"width":1200,"height":630,"url":"https:\/\/www.eventiz.biz\/wp-content\/uploads\/2024\/10\/emg-ogimage.png","type":"image\/png"}],"twitter_card":"summary_large_image","twitter_site":"@Eventiz_travel","twitter_misc":{"Estimated reading time":"1 minute"},"schema":{"@context":"https:\/\/schema.org","@graph":[{"@type":"WebPage","@id":"https:\/\/www.eventiz.biz\/evenements\/fast-break","url":"https:\/\/www.eventiz.biz\/evenements\/fast-break","name":"Fast Break | Eventiz","isPartOf":{"@id":"https:\/\/www.eventiz.biz\/#website"},"datePublished":"2023-11-13T10:03:14+00:00","dateModified":"2024-08-01T08:51:59+00:00","breadcrumb":{"@id":"https:\/\/www.eventiz.biz\/evenements\/fast-break#breadcrumb"},"inLanguage":"en-GB","potentialAction":[{"@type":"ReadAction","target":["https:\/\/www.eventiz.biz\/evenements\/fast-break"]}]},{"@type":"BreadcrumbList","@id":"https:\/\/www.eventiz.biz\/evenements\/fast-break#breadcrumb","itemListElement":[{"@type":"ListItem","position":1,"name":"Accueil","item":"https:\/\/www.eventiz.biz\/"},{"@type":"ListItem","position":2,"name":"\u00c9v\u00e8nements","item":"https:\/\/www.eventiz.biz\/evenements"},{"@type":"ListItem","position":3,"name":"Fast Break"}]},{"@type":"WebSite","@id":"https:\/\/www.eventiz.biz\/#website","url":"https:\/\/www.eventiz.biz\/","name":"Eventiz","description":"Groupe m\u00e9dia sp\u00e9cialis\u00e9 dans l&#039;industrie du Tourisme","publisher":{"@id":"https:\/\/www.eventiz.biz\/#organization"},"potentialAction":[{"@type":"SearchAction","target":{"@type":"EntryPoint","urlTemplate":"https:\/\/www.eventiz.biz\/?s={search_term_string}"},"query-input":{"@type":"PropertyValueSpecification","valueRequired":true,"valueName":"search_term_string"}}],"inLanguage":"en-GB"},{"@type":"Organization","@id":"https:\/\/www.eventiz.biz\/#organization","name":"Eventiz","url":"https:\/\/www.eventiz.biz\/","logo":{"@type":"ImageObject","inLanguage":"en-GB","@id":"https:\/\/www.eventiz.biz\/#\/schema\/logo\/image\/","url":"https:\/\/i0.wp.com\/www.eventiz.biz\/wp-content\/uploads\/2024\/05\/emg-black.png?fit=818%2C379&ssl=1","contentUrl":"https:\/\/i0.wp.com\/www.eventiz.biz\/wp-content\/uploads\/2024\/05\/emg-black.png?fit=818%2C379&ssl=1","width":818,"height":379,"caption":"Eventiz"},"image":{"@id":"https:\/\/www.eventiz.biz\/#\/schema\/logo\/image\/"},"sameAs":["https:\/\/www.facebook.com\/Eventizmediagroup\/","https:\/\/x.com\/Eventiz_travel","https:\/\/www.linkedin.com\/company\/eventiz\/"]}]}},"_links":{"self":[{"href":"http:\/\/www.eventiz.biz\/en\/wp-json\/wp\/v2\/pages\/9030","targetHints":{"allow":["GET"]}}],"collection":[{"href":"http:\/\/www.eventiz.biz\/en\/wp-json\/wp\/v2\/pages"}],"about":[{"href":"http:\/\/www.eventiz.biz\/en\/wp-json\/wp\/v2\/types\/page"}],"author":[{"embeddable":true,"href":"http:\/\/www.eventiz.biz\/en\/wp-json\/wp\/v2\/users\/2"}],"replies":[{"embeddable":true,"href":"http:\/\/www.eventiz.biz\/en\/wp-json\/wp\/v2\/comments?post=9030"}],"version-history":[{"count":41,"href":"http:\/\/www.eventiz.biz\/en\/wp-json\/wp\/v2\/pages\/9030\/revisions"}],"predecessor-version":[{"id":9740,"href":"http:\/\/www.eventiz.biz\/en\/wp-json\/wp\/v2\/pages\/9030\/revisions\/9740"}],"up":[{"embeddable":true,"href":"http:\/\/www.eventiz.biz\/en\/wp-json\/wp\/v2\/pages\/6326"}],"wp:attachment":[{"href":"http:\/\/www.eventiz.biz\/en\/wp-json\/wp\/v2\/media?parent=9030"}],"curies":[{"name":"wp","href":"https:\/\/api.w.org\/{rel}","templated":true}]}}